{"id":451,"date":"2021-08-13T13:56:32","date_gmt":"2021-08-13T13:56:32","guid":{"rendered":"https:\/\/cliniquemedicalesteadele.com\/services-psychologiques\/"},"modified":"2021-09-17T18:38:55","modified_gmt":"2021-09-17T18:38:55","slug":"psychological-services","status":"publish","type":"page","link":"https:\/\/cliniquemedicalesteadele.com\/en\/psychological-services\/","title":{"rendered":"Psychological Services"},"content":{"rendered":"<div class=\"wpb-content-wrapper\">[vc_row fullwidth=&#8221;true&#8221; fullwidth_content=&#8221;false&#8221; el_class=&#8221;bg-header-mobile position-header-mobile&#8221;][vc_column][mk_custom_box padding_vertical=&#8221;0&#8243; padding_horizental=&#8221;0&#8243; margin_bottom=&#8221;0&#8243; min_height=&#8221;400&#8243; bg_image=&#8221;https:\/\/cliniquemedicalesteadele.com\/wp-content\/uploads\/2021\/08\/bg-services-psychologiques-mobile.jpg&#8221; bg_stretch=&#8221;true&#8221;][\/mk_custom_box][\/vc_column][\/vc_row][mk_page_section bg_image=&#8221;https:\/\/cliniquemedicalesteadele.com\/wp-content\/uploads\/2021\/08\/bg-services-psychologiques.jpg&#8221; bg_color=&#8221;#eff4f8&#8243; bg_stretch=&#8221;true&#8221; full_height=&#8221;true&#8221; el_class=&#8221;bg-section&#8221; sidebar=&#8221;sidebar-1&#8243;][vc_column][vc_row_inner el_class=&#8221;row-content&#8221;][vc_column_inner width=&#8221;1\/2&#8243;][mk_padding_divider size=&#8221;75&#8243;][vc_column_text disable_pattern=&#8221;false&#8221; css=&#8221;.vc_custom_1631903931387{margin-bottom: 0px !important;}&#8221;]\n<h1 class=\"titre-mobile-smaller\">Psychological Services<\/h1>\n<p>The goal of our psychological team is to minimize the impact of stress experienced by our patients. Our approach involves ob-taining the best results without the use of prescriptive drugs. The team at the Sainte-Ad\u00e8le Medical Clinic relies on the exper-tise of an in-house psychologist and social worker to deal with psychological issues such as depression, phobias, obsessive-compulsive disorders, suicidal thoughts, etc.<\/p>\n<p><a href=\"\/en\/faq\/#psychological-issues\"><u>Click here<\/u><\/a> for additional information on the most frequent ques-tions concerning psychological issues and diseases.[\/vc_column_text][mk_padding_divider size=&#8221;75&#8243;][\/vc_column_inner][vc_column_inner width=&#8221;1\/2&#8243;][\/vc_column_inner][\/vc_row_inner][\/vc_column][\/mk_page_section][vc_row fullwidth=&#8221;true&#8221; equal_columns=&#8221;true&#8221;][vc_column][mk_padding_divider size=&#8221;50&#8243;][vc_column_text disable_pattern=&#8221;false&#8221; align=&#8221;center&#8221; css=&#8221;.vc_custom_1630521474857{margin-bottom: 0px !important;}&#8221;]\n<h2>Links to Resources<br \/>\nand Online Brochures<\/h2>\n[\/vc_column_text][mk_padding_divider size=&#8221;50&#8243;][vc_row_inner is_fullwidth_content=&#8221;false&#8221;][vc_column_inner][vc_single_image image=&#8221;40&#8243; img_size=&#8221;full&#8221; alignment=&#8221;center&#8221;][vc_column_text disable_pattern=&#8221;false&#8221; align=&#8221;center&#8221; css=&#8221;.vc_custom_1630521529260{margin-bottom: 0px !important;}&#8221;]<a class=\"btn-plus btn-bleu\" href=\"\/en\/faq\/#psychological-issues \">Questions?<\/a>[\/vc_column_text][mk_padding_divider size=&#8221;20&#8243;][\/vc_column_inner][\/vc_row_inner][mk_padding_divider size=&#8221;50&#8243;][\/vc_column][\/vc_row]\n<\/div>","protected":false},"excerpt":{"rendered":"<p>[vc_row fullwidth=&#8221;true&#8221; fullwidth_content=&#8221;false&#8221; el_class=&#8221;bg-header-mobile position-header-mobile&#8221;][vc_column][mk_custom_box padding_vertical=&#8221;0&#8243; padding_horizental=&#8221;0&#8243; margin_bottom=&#8221;0&#8243; min_height=&#8221;400&#8243; bg_image=&#8221;https:\/\/cliniquemedicalesteadele.com\/wp-content\/uploads\/2021\/08\/bg-services-psychologiques-mobile.jpg&#8221; bg_stretch=&#8221;true&#8221;][\/mk_custom_box][\/vc_column][\/vc_row][mk_page_section bg_image=&#8221;https:\/\/cliniquemedicalesteadele.com\/wp-content\/uploads\/2021\/08\/bg-services-psychologiques.jpg&#8221; bg_color=&#8221;#eff4f8&#8243; bg_stretch=&#8221;true&#8221; full_height=&#8221;true&#8221; el_class=&#8221;bg-section&#8221; sidebar=&#8221;sidebar-1&#8243;][vc_column][vc_row_inner el_class=&#8221;row-content&#8221;][vc_column_inner width=&#8221;1\/2&#8243;][mk_padding_divider size=&#8221;75&#8243;][vc_column_text disable_pattern=&#8221;false&#8221; css=&#8221;.vc_custom_1631903931387{margin-bottom: 0px !important;}&#8221;] Psychological Services The goal of our psychological team is to minimize the impact of stress experienced by our patients. Our approach involves ob-taining the best results without the use of prescriptive [&hellip;]<\/p>\n","protected":false},"author":1,"featured_media":0,"parent":0,"menu_order":0,"comment_status":"closed","ping_status":"closed","template":"","meta":{"footnotes":""},"class_list":["post-451","page","type-page","status-publish","hentry"],"yoast_head":"<!-- This site is optimized with the Yoast SEO plugin v26.5 - https:\/\/yoast.com\/wordpress\/plugins\/seo\/ -->\n<title>Sainte-Ad\u00e8le Medical Clinic| Psychological Services<\/title>\n<meta name=\"description\" content=\"The specialists at the Sainte-Ad\u00e8le Medical Clinic conduct a rigorous assessment of your psycho-logical health in order to come up with an effective treatment plan.\" \/>\n<meta name=\"robots\" content=\"index, follow, max-snippet:-1, max-image-preview:large, max-video-preview:-1\" \/>\n<link rel=\"canonical\" href=\"https:\/\/cliniquemedicalesteadele.com\/en\/psychological-services\/\" \/>\n<meta property=\"og:locale\" content=\"en_US\" \/>\n<meta property=\"og:type\" content=\"article\" \/>\n<meta property=\"og:title\" content=\"Sainte-Ad\u00e8le Medical Clinic| Psychological Services\" \/>\n<meta property=\"og:description\" content=\"The specialists at the Sainte-Ad\u00e8le Medical Clinic conduct a rigorous assessment of your psycho-logical health in order to come up with an effective treatment plan.\" \/>\n<meta property=\"og:url\" content=\"https:\/\/cliniquemedicalesteadele.com\/en\/psychological-services\/\" \/>\n<meta property=\"og:site_name\" content=\"Clinique m\u00e9dicale Saint-Ad\u00e8le\" \/>\n<meta property=\"article:modified_time\" content=\"2021-09-17T18:38:55+00:00\" \/>\n<meta name=\"twitter:card\" content=\"summary_large_image\" \/>\n<meta name=\"twitter:label1\" content=\"Est. reading time\" \/>\n\t<meta name=\"twitter:data1\" content=\"1 minute\" \/>\n<script type=\"application\/ld+json\" class=\"yoast-schema-graph\">{\"@context\":\"https:\/\/schema.org\",\"@graph\":[{\"@type\":\"WebPage\",\"@id\":\"https:\/\/cliniquemedicalesteadele.com\/en\/psychological-services\/\",\"url\":\"https:\/\/cliniquemedicalesteadele.com\/en\/psychological-services\/\",\"name\":\"Sainte-Ad\u00e8le Medical Clinic| Psychological Services\",\"isPartOf\":{\"@id\":\"https:\/\/cliniquemedicalesteadele.com\/#website\"},\"datePublished\":\"2021-08-13T13:56:32+00:00\",\"dateModified\":\"2021-09-17T18:38:55+00:00\",\"description\":\"The specialists at the Sainte-Ad\u00e8le Medical Clinic conduct a rigorous assessment of your psycho-logical health in order to come up with an effective treatment plan.\",\"breadcrumb\":{\"@id\":\"https:\/\/cliniquemedicalesteadele.com\/en\/psychological-services\/#breadcrumb\"},\"inLanguage\":\"en-US\",\"potentialAction\":[{\"@type\":\"ReadAction\",\"target\":[\"https:\/\/cliniquemedicalesteadele.com\/en\/psychological-services\/\"]}]},{\"@type\":\"BreadcrumbList\",\"@id\":\"https:\/\/cliniquemedicalesteadele.com\/en\/psychological-services\/#breadcrumb\",\"itemListElement\":[{\"@type\":\"ListItem\",\"position\":1,\"name\":\"Accueil\",\"item\":\"https:\/\/cliniquemedicalesteadele.com\/en\/\"},{\"@type\":\"ListItem\",\"position\":2,\"name\":\"Psychological Services\"}]},{\"@type\":\"WebSite\",\"@id\":\"https:\/\/cliniquemedicalesteadele.com\/#website\",\"url\":\"https:\/\/cliniquemedicalesteadele.com\/\",\"name\":\"Clinique m\u00e9dicale Saint-Ad\u00e8le\",\"description\":\"Services m\u00e9dicaux professionnels complets\",\"potentialAction\":[{\"@type\":\"SearchAction\",\"target\":{\"@type\":\"EntryPoint\",\"urlTemplate\":\"https:\/\/cliniquemedicalesteadele.com\/?s={search_term_string}\"},\"query-input\":{\"@type\":\"PropertyValueSpecification\",\"valueRequired\":true,\"valueName\":\"search_term_string\"}}],\"inLanguage\":\"en-US\"}]}<\/script>\n<!-- \/ Yoast SEO plugin. -->","yoast_head_json":{"title":"Sainte-Ad\u00e8le Medical Clinic| Psychological Services","description":"The specialists at the Sainte-Ad\u00e8le Medical Clinic conduct a rigorous assessment of your psycho-logical health in order to come up with an effective treatment plan.","robots":{"index":"index","follow":"follow","max-snippet":"max-snippet:-1","max-image-preview":"max-image-preview:large","max-video-preview":"max-video-preview:-1"},"canonical":"https:\/\/cliniquemedicalesteadele.com\/en\/psychological-services\/","og_locale":"en_US","og_type":"article","og_title":"Sainte-Ad\u00e8le Medical Clinic| Psychological Services","og_description":"The specialists at the Sainte-Ad\u00e8le Medical Clinic conduct a rigorous assessment of your psycho-logical health in order to come up with an effective treatment plan.","og_url":"https:\/\/cliniquemedicalesteadele.com\/en\/psychological-services\/","og_site_name":"Clinique m\u00e9dicale Saint-Ad\u00e8le","article_modified_time":"2021-09-17T18:38:55+00:00","twitter_card":"summary_large_image","twitter_misc":{"Est. reading time":"1 minute"},"schema":{"@context":"https:\/\/schema.org","@graph":[{"@type":"WebPage","@id":"https:\/\/cliniquemedicalesteadele.com\/en\/psychological-services\/","url":"https:\/\/cliniquemedicalesteadele.com\/en\/psychological-services\/","name":"Sainte-Ad\u00e8le Medical Clinic| Psychological Services","isPartOf":{"@id":"https:\/\/cliniquemedicalesteadele.com\/#website"},"datePublished":"2021-08-13T13:56:32+00:00","dateModified":"2021-09-17T18:38:55+00:00","description":"The specialists at the Sainte-Ad\u00e8le Medical Clinic conduct a rigorous assessment of your psycho-logical health in order to come up with an effective treatment plan.","breadcrumb":{"@id":"https:\/\/cliniquemedicalesteadele.com\/en\/psychological-services\/#breadcrumb"},"inLanguage":"en-US","potentialAction":[{"@type":"ReadAction","target":["https:\/\/cliniquemedicalesteadele.com\/en\/psychological-services\/"]}]},{"@type":"BreadcrumbList","@id":"https:\/\/cliniquemedicalesteadele.com\/en\/psychological-services\/#breadcrumb","itemListElement":[{"@type":"ListItem","position":1,"name":"Accueil","item":"https:\/\/cliniquemedicalesteadele.com\/en\/"},{"@type":"ListItem","position":2,"name":"Psychological Services"}]},{"@type":"WebSite","@id":"https:\/\/cliniquemedicalesteadele.com\/#website","url":"https:\/\/cliniquemedicalesteadele.com\/","name":"Clinique m\u00e9dicale Saint-Ad\u00e8le","description":"Services m\u00e9dicaux professionnels complets","potentialAction":[{"@type":"SearchAction","target":{"@type":"EntryPoint","urlTemplate":"https:\/\/cliniquemedicalesteadele.com\/?s={search_term_string}"},"query-input":{"@type":"PropertyValueSpecification","valueRequired":true,"valueName":"search_term_string"}}],"inLanguage":"en-US"}]}},"_links":{"self":[{"href":"https:\/\/cliniquemedicalesteadele.com\/en\/wp-json\/wp\/v2\/pages\/451","targetHints":{"allow":["GET"]}}],"collection":[{"href":"https:\/\/cliniquemedicalesteadele.com\/en\/wp-json\/wp\/v2\/pages"}],"about":[{"href":"https:\/\/cliniquemedicalesteadele.com\/en\/wp-json\/wp\/v2\/types\/page"}],"author":[{"embeddable":true,"href":"https:\/\/cliniquemedicalesteadele.com\/en\/wp-json\/wp\/v2\/users\/1"}],"replies":[{"embeddable":true,"href":"https:\/\/cliniquemedicalesteadele.com\/en\/wp-json\/wp\/v2\/comments?post=451"}],"version-history":[{"count":3,"href":"https:\/\/cliniquemedicalesteadele.com\/en\/wp-json\/wp\/v2\/pages\/451\/revisions"}],"predecessor-version":[{"id":592,"href":"https:\/\/cliniquemedicalesteadele.com\/en\/wp-json\/wp\/v2\/pages\/451\/revisions\/592"}],"wp:attachment":[{"href":"https:\/\/cliniquemedicalesteadele.com\/en\/wp-json\/wp\/v2\/media?parent=451"}],"curies":[{"name":"wp","href":"https:\/\/api.w.org\/{rel}","templated":true}]}}