{"id":455,"date":"2021-08-13T14:06:28","date_gmt":"2021-08-13T14:06:28","guid":{"rendered":"https:\/\/cliniquemedicalesteadele.com\/sans-rendez-vous\/"},"modified":"2023-05-31T20:08:46","modified_gmt":"2023-05-31T20:08:46","slug":"walk-in-clinic","status":"publish","type":"page","link":"https:\/\/cliniquemedicalesteadele.com\/en\/walk-in-clinic\/","title":{"rendered":"Walk-in Clinic"},"content":{"rendered":"<div class=\"wpb-content-wrapper\">[mk_page_section bg_image=&#8221;https:\/\/cliniquemedicalesteadele.com\/wp-content\/uploads\/2021\/08\/bg-sans-rdv.jpg&#8221; bg_color=&#8221;#eff4f8&#8243; bg_stretch=&#8221;true&#8221; full_height=&#8221;true&#8221; el_class=&#8221;bg-section&#8221; sidebar=&#8221;sidebar-1&#8243;][vc_column][vc_row_inner][vc_column_inner width=&#8221;1\/2&#8243; css=&#8221;.vc_custom_1628793911280{margin-right: 0px !important;padding-right: 0px !important;}&#8221;][mk_padding_divider size=&#8221;75&#8243;][vc_column_text css=&#8221;.vc_custom_1630521766787{margin-bottom: 0px !important;}&#8221;]\n<h1>Walk-in Clinic<\/h1>\n<p>The Clinic offers medical services to ensure urgent health care for patients who do not have an appointment. Designated As-sessment Clinics (DACs) are closing as of September 2021. Consultations are now available for flu-like symptoms at the Clin-ic. The secretaries may ask you to change your mask and wait in a designated area of the Clinic to help limit viral spreading.<\/p>\n<p>Please ensure to inform staff members of your symptoms for proper management.[\/vc_column_text][mk_padding_divider size=&#8221;75&#8243;][\/vc_column_inner][vc_column_inner width=&#8221;1\/2&#8243;][\/vc_column_inner][\/vc_row_inner][\/vc_column][\/mk_page_section][vc_row fullwidth=&#8221;true&#8221; equal_columns=&#8221;true&#8221;][vc_column][mk_padding_divider size=&#8221;50&#8243;][vc_column_text disable_pattern=&#8221;false&#8221; align=&#8221;center&#8221; css=&#8221;.vc_custom_1630521785515{margin-bottom: 0px !important;}&#8221;]\n<h2>Walk-in<br \/>\nClinic Hours<\/h2>\n[\/vc_column_text][mk_padding_divider size=&#8221;50&#8243;][vc_row_inner is_fullwidth_content=&#8221;false&#8221;][vc_column_inner][vc_column_text disable_pattern=&#8221;false&#8221; align=&#8221;center&#8221; el_class=&#8221;inner-padding&#8221; css=&#8221;.vc_custom_1685563724109{margin-bottom: 0px !important;}&#8221;]For walk-in service, patients associated with the Ste-Ad\u00e8le clinic can make an appointment the day before from noon, Sunday to Friday.[\/vc_column_text][mk_padding_divider size=&#8221;50&#8243;][vc_column_text disable_pattern=&#8221;false&#8221; align=&#8221;center&#8221; css=&#8221;.vc_custom_1673875354015{margin-bottom: 0px !important;}&#8221;]\n<h2>Click here to book an appointment.<\/h2>\n<p><a class=\"btn-plus btn-bleu3 btn-large-txt\" href=\"https:\/\/rvsq.gouv.qc.ca\/accueil\/index-en.html\" target=\"_blank\" rel=\"noopener\">Book an appointment<\/a>[\/vc_column_text][mk_padding_divider size=&#8221;20&#8243;][\/vc_column_inner][\/vc_row_inner][mk_padding_divider size=&#8221;50&#8243;][\/vc_column][\/vc_row]\n<\/div>","protected":false},"excerpt":{"rendered":"<p>[mk_page_section bg_image=&#8221;https:\/\/cliniquemedicalesteadele.com\/wp-content\/uploads\/2021\/08\/bg-sans-rdv.jpg&#8221; bg_color=&#8221;#eff4f8&#8243; bg_stretch=&#8221;true&#8221; full_height=&#8221;true&#8221; el_class=&#8221;bg-section&#8221; sidebar=&#8221;sidebar-1&#8243;][vc_column][vc_row_inner][vc_column_inner width=&#8221;1\/2&#8243; css=&#8221;.vc_custom_1628793911280{margin-right: 0px !important;padding-right: 0px !important;}&#8221;][mk_padding_divider size=&#8221;75&#8243;][vc_column_text css=&#8221;.vc_custom_1630521766787{margin-bottom: 0px !important;}&#8221;] Walk-in Clinic The Clinic offers medical services to ensure urgent health care for patients who do not have an appointment. Designated As-sessment Clinics (DACs) are closing as of September 2021. Consultations are now available for flu-like symptoms at [&hellip;]<\/p>\n","protected":false},"author":1,"featured_media":0,"parent":0,"menu_order":0,"comment_status":"closed","ping_status":"closed","template":"","meta":{"footnotes":""},"class_list":["post-455","page","type-page","status-publish","hentry"],"yoast_head":"<!-- This site is optimized with the Yoast SEO plugin v26.5 - https:\/\/yoast.com\/wordpress\/plugins\/seo\/ -->\n<title>Sainte-Ad\u00e8le Medical Clinic | Walk-in Clinic<\/title>\n<meta name=\"description\" content=\"Learn more about the hours and information regarding the walk-in services offered by the Sainte-Ad\u00e8le Medical Clinic.\" \/>\n<meta name=\"robots\" content=\"index, follow, max-snippet:-1, max-image-preview:large, max-video-preview:-1\" \/>\n<link rel=\"canonical\" href=\"https:\/\/cliniquemedicalesteadele.com\/en\/walk-in-clinic\/\" \/>\n<meta property=\"og:locale\" content=\"en_US\" \/>\n<meta property=\"og:type\" content=\"article\" \/>\n<meta property=\"og:title\" content=\"Sainte-Ad\u00e8le Medical Clinic | Walk-in Clinic\" \/>\n<meta property=\"og:description\" content=\"Learn more about the hours and information regarding the walk-in services offered by the Sainte-Ad\u00e8le Medical Clinic.\" \/>\n<meta property=\"og:url\" content=\"https:\/\/cliniquemedicalesteadele.com\/en\/walk-in-clinic\/\" \/>\n<meta property=\"og:site_name\" content=\"Clinique m\u00e9dicale Saint-Ad\u00e8le\" \/>\n<meta property=\"article:modified_time\" content=\"2023-05-31T20:08:46+00:00\" \/>\n<meta name=\"twitter:card\" content=\"summary_large_image\" \/>\n<meta name=\"twitter:label1\" content=\"Est. reading time\" \/>\n\t<meta name=\"twitter:data1\" content=\"1 minute\" \/>\n<script type=\"application\/ld+json\" class=\"yoast-schema-graph\">{\"@context\":\"https:\/\/schema.org\",\"@graph\":[{\"@type\":\"WebPage\",\"@id\":\"https:\/\/cliniquemedicalesteadele.com\/en\/walk-in-clinic\/\",\"url\":\"https:\/\/cliniquemedicalesteadele.com\/en\/walk-in-clinic\/\",\"name\":\"Sainte-Ad\u00e8le Medical Clinic | Walk-in Clinic\",\"isPartOf\":{\"@id\":\"https:\/\/cliniquemedicalesteadele.com\/#website\"},\"datePublished\":\"2021-08-13T14:06:28+00:00\",\"dateModified\":\"2023-05-31T20:08:46+00:00\",\"description\":\"Learn more about the hours and information regarding the walk-in services offered by the Sainte-Ad\u00e8le Medical Clinic.\",\"breadcrumb\":{\"@id\":\"https:\/\/cliniquemedicalesteadele.com\/en\/walk-in-clinic\/#breadcrumb\"},\"inLanguage\":\"en-US\",\"potentialAction\":[{\"@type\":\"ReadAction\",\"target\":[\"https:\/\/cliniquemedicalesteadele.com\/en\/walk-in-clinic\/\"]}]},{\"@type\":\"BreadcrumbList\",\"@id\":\"https:\/\/cliniquemedicalesteadele.com\/en\/walk-in-clinic\/#breadcrumb\",\"itemListElement\":[{\"@type\":\"ListItem\",\"position\":1,\"name\":\"Accueil\",\"item\":\"https:\/\/cliniquemedicalesteadele.com\/en\/\"},{\"@type\":\"ListItem\",\"position\":2,\"name\":\"Walk-in Clinic\"}]},{\"@type\":\"WebSite\",\"@id\":\"https:\/\/cliniquemedicalesteadele.com\/#website\",\"url\":\"https:\/\/cliniquemedicalesteadele.com\/\",\"name\":\"Clinique m\u00e9dicale Saint-Ad\u00e8le\",\"description\":\"Services m\u00e9dicaux professionnels complets\",\"potentialAction\":[{\"@type\":\"SearchAction\",\"target\":{\"@type\":\"EntryPoint\",\"urlTemplate\":\"https:\/\/cliniquemedicalesteadele.com\/?s={search_term_string}\"},\"query-input\":{\"@type\":\"PropertyValueSpecification\",\"valueRequired\":true,\"valueName\":\"search_term_string\"}}],\"inLanguage\":\"en-US\"}]}<\/script>\n<!-- \/ Yoast SEO plugin. -->","yoast_head_json":{"title":"Sainte-Ad\u00e8le Medical Clinic | Walk-in Clinic","description":"Learn more about the hours and information regarding the walk-in services offered by the Sainte-Ad\u00e8le Medical Clinic.","robots":{"index":"index","follow":"follow","max-snippet":"max-snippet:-1","max-image-preview":"max-image-preview:large","max-video-preview":"max-video-preview:-1"},"canonical":"https:\/\/cliniquemedicalesteadele.com\/en\/walk-in-clinic\/","og_locale":"en_US","og_type":"article","og_title":"Sainte-Ad\u00e8le Medical Clinic | Walk-in Clinic","og_description":"Learn more about the hours and information regarding the walk-in services offered by the Sainte-Ad\u00e8le Medical Clinic.","og_url":"https:\/\/cliniquemedicalesteadele.com\/en\/walk-in-clinic\/","og_site_name":"Clinique m\u00e9dicale Saint-Ad\u00e8le","article_modified_time":"2023-05-31T20:08:46+00:00","twitter_card":"summary_large_image","twitter_misc":{"Est. reading time":"1 minute"},"schema":{"@context":"https:\/\/schema.org","@graph":[{"@type":"WebPage","@id":"https:\/\/cliniquemedicalesteadele.com\/en\/walk-in-clinic\/","url":"https:\/\/cliniquemedicalesteadele.com\/en\/walk-in-clinic\/","name":"Sainte-Ad\u00e8le Medical Clinic | Walk-in Clinic","isPartOf":{"@id":"https:\/\/cliniquemedicalesteadele.com\/#website"},"datePublished":"2021-08-13T14:06:28+00:00","dateModified":"2023-05-31T20:08:46+00:00","description":"Learn more about the hours and information regarding the walk-in services offered by the Sainte-Ad\u00e8le Medical Clinic.","breadcrumb":{"@id":"https:\/\/cliniquemedicalesteadele.com\/en\/walk-in-clinic\/#breadcrumb"},"inLanguage":"en-US","potentialAction":[{"@type":"ReadAction","target":["https:\/\/cliniquemedicalesteadele.com\/en\/walk-in-clinic\/"]}]},{"@type":"BreadcrumbList","@id":"https:\/\/cliniquemedicalesteadele.com\/en\/walk-in-clinic\/#breadcrumb","itemListElement":[{"@type":"ListItem","position":1,"name":"Accueil","item":"https:\/\/cliniquemedicalesteadele.com\/en\/"},{"@type":"ListItem","position":2,"name":"Walk-in Clinic"}]},{"@type":"WebSite","@id":"https:\/\/cliniquemedicalesteadele.com\/#website","url":"https:\/\/cliniquemedicalesteadele.com\/","name":"Clinique m\u00e9dicale Saint-Ad\u00e8le","description":"Services m\u00e9dicaux professionnels complets","potentialAction":[{"@type":"SearchAction","target":{"@type":"EntryPoint","urlTemplate":"https:\/\/cliniquemedicalesteadele.com\/?s={search_term_string}"},"query-input":{"@type":"PropertyValueSpecification","valueRequired":true,"valueName":"search_term_string"}}],"inLanguage":"en-US"}]}},"_links":{"self":[{"href":"https:\/\/cliniquemedicalesteadele.com\/en\/wp-json\/wp\/v2\/pages\/455","targetHints":{"allow":["GET"]}}],"collection":[{"href":"https:\/\/cliniquemedicalesteadele.com\/en\/wp-json\/wp\/v2\/pages"}],"about":[{"href":"https:\/\/cliniquemedicalesteadele.com\/en\/wp-json\/wp\/v2\/types\/page"}],"author":[{"embeddable":true,"href":"https:\/\/cliniquemedicalesteadele.com\/en\/wp-json\/wp\/v2\/users\/1"}],"replies":[{"embeddable":true,"href":"https:\/\/cliniquemedicalesteadele.com\/en\/wp-json\/wp\/v2\/comments?post=455"}],"version-history":[{"count":8,"href":"https:\/\/cliniquemedicalesteadele.com\/en\/wp-json\/wp\/v2\/pages\/455\/revisions"}],"predecessor-version":[{"id":777,"href":"https:\/\/cliniquemedicalesteadele.com\/en\/wp-json\/wp\/v2\/pages\/455\/revisions\/777"}],"wp:attachment":[{"href":"https:\/\/cliniquemedicalesteadele.com\/en\/wp-json\/wp\/v2\/media?parent=455"}],"curies":[{"name":"wp","href":"https:\/\/api.w.org\/{rel}","templated":true}]}}