{"id":459,"date":"2021-08-13T15:06:59","date_gmt":"2021-08-13T15:06:59","guid":{"rendered":"https:\/\/cliniquemedicalesteadele.com\/a-propos\/"},"modified":"2025-04-11T00:46:25","modified_gmt":"2025-04-11T00:46:25","slug":"about-us","status":"publish","type":"page","link":"https:\/\/cliniquemedicalesteadele.com\/en\/about-us\/","title":{"rendered":"About Us"},"content":{"rendered":"<div class=\"wpb-content-wrapper\">[vc_row fullwidth=&#8221;true&#8221; fullwidth_content=&#8221;false&#8221; el_class=&#8221;bg-header-mobile&#8221;][vc_column][mk_custom_box padding_vertical=&#8221;0&#8243; padding_horizental=&#8221;0&#8243; margin_bottom=&#8221;0&#8243; min_height=&#8221;250&#8243; bg_image=&#8221;https:\/\/cliniquemedicalesteadele.com\/wp-content\/uploads\/2021\/08\/bg-a-propos-mobile.jpg&#8221; bg_stretch=&#8221;true&#8221;][\/mk_custom_box][\/vc_column][\/vc_row][mk_page_section bg_image=&#8221;https:\/\/cliniquemedicalesteadele.com\/wp-content\/uploads\/2021\/08\/bg-a-propos.jpg&#8221; bg_color=&#8221;#eff4f8&#8243; bg_stretch=&#8221;true&#8221; full_height=&#8221;true&#8221; el_class=&#8221;bg-section&#8221; sidebar=&#8221;sidebar-1&#8243;][vc_column][vc_row_inner el_class=&#8221;row-content&#8221;][vc_column_inner width=&#8221;1\/2&#8243; css=&#8221;.vc_custom_1628793911280{margin-right: 0px !important;padding-right: 0px !important;}&#8221;][mk_padding_divider size=&#8221;75&#8243;][vc_column_text css=&#8221;.vc_custom_1744332210899{margin-bottom: 0px !important;}&#8221;]\n<h1>About the Sainte\u2011Ad\u00e8le Medical\u00a0Clinic<\/h1>\n<p>The Clinic originally opened in 1977. In 2019, following the retirement of several physicians, the Laurentian Medical Foundation saved the clinic from imminent closure. It was taken over by young McGill graduates in March 2020 with the aim of providing a population-based service in the Pays-d&#8217;en-Haut region, as well as multidisciplinary services supported by various healthcare professionals (social worker, nutritionist, nurse, physiotherapist). Since May 2021, the Sainte-Ad\u00e8le Medical Clinic has become a GMF (Family Medicine Group) and continues to grow. The Sainte-Ad\u00e8le GMF is currently partnered with the COOP de Ste Marguerite de Lac Masson and Val Morin to offer its services to a wider population, as well as its walk-in service.<\/p>\n<p>The Clinic&#8217;s philosophy is based on disease prevention, supporting patients from birth to old age, and teamwork with the various stakeholders in the network. The goal is to have the right professional to meet the patients&#8217; needs. Thanks to the Fondation M\u00e9dicale des Laurentides, several pieces of equipment are made available to residents of the Pays-d&#8217;en-Haut (ECG, bladder scan, nitrogen, ultrasound for musculoskeletal injections, etc.).<\/p>\n<p>We care about the environment and are committed to reducing our ecological footprint by using as little disposable equipment as possible. The amount of waste produced by the clinic is constantly decreasing, while complying with the infection prevention standards of the CISSS des Laurentides.[\/vc_column_text][mk_padding_divider size=&#8221;75&#8243;][\/vc_column_inner][vc_column_inner width=&#8221;1\/2&#8243;][\/vc_column_inner][\/vc_row_inner][\/vc_column][\/mk_page_section][vc_row fullwidth=&#8221;true&#8221; fullwidth_content=&#8221;false&#8221;][vc_column][mk_padding_divider size=&#8221;50&#8243;][vc_column_text disable_pattern=&#8221;false&#8221; align=&#8221;center&#8221; css=&#8221;.vc_custom_1631900934722{margin-bottom: 0px !important;}&#8221;]\n<h2>Clinics Specializing<br \/>\nin Preparation<\/h2>\n[\/vc_column_text][mk_padding_divider size=&#8221;50&#8243;][vc_row_inner is_fullwidth_content=&#8221;false&#8221;][vc_column_inner][vc_column_text disable_pattern=&#8221;false&#8221; align=&#8221;center&#8221; el_class=&#8221;inner-padding&#8221; css=&#8221;.vc_custom_1630685033920{margin-bottom: 0px !important;}&#8221;]Since its takeover in 2020, the Clinic\u2019s management team has been working to create specialized services to help patients orient themselves towards different types of non-pharmacological care such as exercise, diet, psychotherapy, and medication.<\/p>\n<p>Specifically, the Clinicwill offer services in the following specializations:[\/vc_column_text][mk_padding_divider size=&#8221;20&#8243;][\/vc_column_inner][\/vc_row_inner][vc_row_inner is_fullwidth_content=&#8221;false&#8221;][vc_column_inner width=&#8221;1\/3&#8243;][mk_padding_divider size=&#8221;10&#8243;][vc_single_image image=&#8221;807&#8243; img_size=&#8221;full&#8221; alignment=&#8221;center&#8221; css=&#8221;&#8221;][vc_column_text disable_pattern=&#8221;false&#8221; align=&#8221;center&#8221; css=&#8221;.vc_custom_1744332266996{margin-bottom: 0px !important;}&#8221;]<strong>Migraine<br \/>\n(medical botox)<\/strong>[\/vc_column_text][mk_padding_divider size=&#8221;13&#8243; visibility=&#8221;hidden-dt&#8221;][\/vc_column_inner][vc_column_inner width=&#8221;1\/3&#8243;][mk_padding_divider size=&#8221;12&#8243;][vc_single_image image=&#8221;170&#8243; img_size=&#8221;full&#8221; alignment=&#8221;center&#8221;][vc_column_text disable_pattern=&#8221;false&#8221; align=&#8221;center&#8221; css=&#8221;.vc_custom_1744332250783{margin-bottom: 0px !important;}&#8221;]<strong>Metabolic Clinic<br \/>\n(weight loss support)<\/strong>[\/vc_column_text][\/vc_column_inner][vc_column_inner width=&#8221;1\/3&#8243;][mk_padding_divider size=&#8221;28&#8243;][vc_single_image image=&#8221;171&#8243; img_size=&#8221;full&#8221; alignment=&#8221;center&#8221;][vc_column_text disable_pattern=&#8221;false&#8221; align=&#8221;center&#8221; css=&#8221;.vc_custom_1744332317217{margin-bottom: 0px !important;}&#8221;]<strong>Women&#8217;s Clinic<br \/>\n(IUD, Nexplanon, Pap test)<\/strong>[\/vc_column_text][\/vc_column_inner][\/vc_row_inner][vc_row_inner is_fullwidth_content=&#8221;false&#8221;][vc_column_inner width=&#8221;1\/3&#8243;][mk_padding_divider size=&#8221;10&#8243;][vc_single_image image=&#8221;811&#8243; img_size=&#8221;full&#8221; alignment=&#8221;center&#8221; css=&#8221;&#8221;][vc_column_text disable_pattern=&#8221;false&#8221; align=&#8221;center&#8221; css=&#8221;.vc_custom_1744332330430{margin-bottom: 0px !important;}&#8221;]<strong>Musculoskeletal Clinic<br \/>\n(cortisone, synvisc)<\/strong>[\/vc_column_text][mk_padding_divider size=&#8221;13&#8243; visibility=&#8221;hidden-dt&#8221;][\/vc_column_inner][vc_column_inner width=&#8221;1\/3&#8243;][mk_padding_divider size=&#8221;12&#8243;][vc_single_image image=&#8221;813&#8243; img_size=&#8221;full&#8221; alignment=&#8221;center&#8221; css=&#8221;&#8221;][vc_column_text disable_pattern=&#8221;false&#8221; align=&#8221;center&#8221; css=&#8221;.vc_custom_1744332340515{margin-bottom: 0px !important;}&#8221;]<strong>Walking club<\/strong>[\/vc_column_text][\/vc_column_inner][vc_column_inner width=&#8221;1\/3&#8243;][\/vc_column_inner][\/vc_row_inner][mk_padding_divider size=&#8221;50&#8243;][\/vc_column][\/vc_row]\n<\/div>","protected":false},"excerpt":{"rendered":"<p>[vc_row fullwidth=&#8221;true&#8221; fullwidth_content=&#8221;false&#8221; el_class=&#8221;bg-header-mobile&#8221;][vc_column][mk_custom_box padding_vertical=&#8221;0&#8243; padding_horizental=&#8221;0&#8243; margin_bottom=&#8221;0&#8243; min_height=&#8221;250&#8243; bg_image=&#8221;https:\/\/cliniquemedicalesteadele.com\/wp-content\/uploads\/2021\/08\/bg-a-propos-mobile.jpg&#8221; bg_stretch=&#8221;true&#8221;][\/mk_custom_box][\/vc_column][\/vc_row][mk_page_section bg_image=&#8221;https:\/\/cliniquemedicalesteadele.com\/wp-content\/uploads\/2021\/08\/bg-a-propos.jpg&#8221; bg_color=&#8221;#eff4f8&#8243; bg_stretch=&#8221;true&#8221; full_height=&#8221;true&#8221; el_class=&#8221;bg-section&#8221; sidebar=&#8221;sidebar-1&#8243;][vc_column][vc_row_inner el_class=&#8221;row-content&#8221;][vc_column_inner width=&#8221;1\/2&#8243; css=&#8221;.vc_custom_1628793911280{margin-right: 0px !important;padding-right: 0px !important;}&#8221;][mk_padding_divider size=&#8221;75&#8243;][vc_column_text css=&#8221;.vc_custom_1744332210899{margin-bottom: 0px !important;}&#8221;] About the Sainte\u2011Ad\u00e8le Medical\u00a0Clinic The Clinic originally opened in 1977. In 2019, following the retirement of several physicians, the Laurentian Medical Foundation saved the clinic from imminent closure. [&hellip;]<\/p>\n","protected":false},"author":1,"featured_media":0,"parent":0,"menu_order":0,"comment_status":"closed","ping_status":"closed","template":"","meta":{"footnotes":""},"class_list":["post-459","page","type-page","status-publish","hentry"],"yoast_head":"<!-- This site is optimized with the Yoast SEO plugin v26.5 - https:\/\/yoast.com\/wordpress\/plugins\/seo\/ -->\n<title>Sainte-Ad\u00e8le Medical Clinic | About Us<\/title>\n<meta name=\"description\" content=\"The Sainte-Ad\u00e8le Medical Clinic offers comprehensive professional medical services to help ensure the health of the residents of Sainte-Ad\u00e8le.\" \/>\n<meta name=\"robots\" content=\"index, follow, max-snippet:-1, max-image-preview:large, max-video-preview:-1\" \/>\n<link rel=\"canonical\" href=\"https:\/\/cliniquemedicalesteadele.com\/en\/about-us\/\" \/>\n<meta property=\"og:locale\" content=\"en_US\" \/>\n<meta property=\"og:type\" content=\"article\" \/>\n<meta property=\"og:title\" content=\"Sainte-Ad\u00e8le Medical Clinic | About Us\" \/>\n<meta property=\"og:description\" content=\"The Sainte-Ad\u00e8le Medical Clinic offers comprehensive professional medical services to help ensure the health of the residents of Sainte-Ad\u00e8le.\" \/>\n<meta property=\"og:url\" content=\"https:\/\/cliniquemedicalesteadele.com\/en\/about-us\/\" \/>\n<meta property=\"og:site_name\" content=\"Clinique m\u00e9dicale Saint-Ad\u00e8le\" \/>\n<meta property=\"article:modified_time\" content=\"2025-04-11T00:46:25+00:00\" \/>\n<meta name=\"twitter:card\" content=\"summary_large_image\" \/>\n<meta name=\"twitter:label1\" content=\"Est. reading time\" \/>\n\t<meta name=\"twitter:data1\" content=\"3 minutes\" \/>\n<script type=\"application\/ld+json\" class=\"yoast-schema-graph\">{\"@context\":\"https:\/\/schema.org\",\"@graph\":[{\"@type\":\"WebPage\",\"@id\":\"https:\/\/cliniquemedicalesteadele.com\/en\/about-us\/\",\"url\":\"https:\/\/cliniquemedicalesteadele.com\/en\/about-us\/\",\"name\":\"Sainte-Ad\u00e8le Medical Clinic | About Us\",\"isPartOf\":{\"@id\":\"https:\/\/cliniquemedicalesteadele.com\/#website\"},\"datePublished\":\"2021-08-13T15:06:59+00:00\",\"dateModified\":\"2025-04-11T00:46:25+00:00\",\"description\":\"The Sainte-Ad\u00e8le Medical Clinic offers comprehensive professional medical services to help ensure the health of the residents of Sainte-Ad\u00e8le.\",\"breadcrumb\":{\"@id\":\"https:\/\/cliniquemedicalesteadele.com\/en\/about-us\/#breadcrumb\"},\"inLanguage\":\"en-US\",\"potentialAction\":[{\"@type\":\"ReadAction\",\"target\":[\"https:\/\/cliniquemedicalesteadele.com\/en\/about-us\/\"]}]},{\"@type\":\"BreadcrumbList\",\"@id\":\"https:\/\/cliniquemedicalesteadele.com\/en\/about-us\/#breadcrumb\",\"itemListElement\":[{\"@type\":\"ListItem\",\"position\":1,\"name\":\"Accueil\",\"item\":\"https:\/\/cliniquemedicalesteadele.com\/en\/\"},{\"@type\":\"ListItem\",\"position\":2,\"name\":\"About Us\"}]},{\"@type\":\"WebSite\",\"@id\":\"https:\/\/cliniquemedicalesteadele.com\/#website\",\"url\":\"https:\/\/cliniquemedicalesteadele.com\/\",\"name\":\"Clinique m\u00e9dicale Saint-Ad\u00e8le\",\"description\":\"Services m\u00e9dicaux professionnels complets\",\"potentialAction\":[{\"@type\":\"SearchAction\",\"target\":{\"@type\":\"EntryPoint\",\"urlTemplate\":\"https:\/\/cliniquemedicalesteadele.com\/?s={search_term_string}\"},\"query-input\":{\"@type\":\"PropertyValueSpecification\",\"valueRequired\":true,\"valueName\":\"search_term_string\"}}],\"inLanguage\":\"en-US\"}]}<\/script>\n<!-- \/ Yoast SEO plugin. -->","yoast_head_json":{"title":"Sainte-Ad\u00e8le Medical Clinic | About Us","description":"The Sainte-Ad\u00e8le Medical Clinic offers comprehensive professional medical services to help ensure the health of the residents of Sainte-Ad\u00e8le.","robots":{"index":"index","follow":"follow","max-snippet":"max-snippet:-1","max-image-preview":"max-image-preview:large","max-video-preview":"max-video-preview:-1"},"canonical":"https:\/\/cliniquemedicalesteadele.com\/en\/about-us\/","og_locale":"en_US","og_type":"article","og_title":"Sainte-Ad\u00e8le Medical Clinic | About Us","og_description":"The Sainte-Ad\u00e8le Medical Clinic offers comprehensive professional medical services to help ensure the health of the residents of Sainte-Ad\u00e8le.","og_url":"https:\/\/cliniquemedicalesteadele.com\/en\/about-us\/","og_site_name":"Clinique m\u00e9dicale Saint-Ad\u00e8le","article_modified_time":"2025-04-11T00:46:25+00:00","twitter_card":"summary_large_image","twitter_misc":{"Est. reading time":"3 minutes"},"schema":{"@context":"https:\/\/schema.org","@graph":[{"@type":"WebPage","@id":"https:\/\/cliniquemedicalesteadele.com\/en\/about-us\/","url":"https:\/\/cliniquemedicalesteadele.com\/en\/about-us\/","name":"Sainte-Ad\u00e8le Medical Clinic | About Us","isPartOf":{"@id":"https:\/\/cliniquemedicalesteadele.com\/#website"},"datePublished":"2021-08-13T15:06:59+00:00","dateModified":"2025-04-11T00:46:25+00:00","description":"The Sainte-Ad\u00e8le Medical Clinic offers comprehensive professional medical services to help ensure the health of the residents of Sainte-Ad\u00e8le.","breadcrumb":{"@id":"https:\/\/cliniquemedicalesteadele.com\/en\/about-us\/#breadcrumb"},"inLanguage":"en-US","potentialAction":[{"@type":"ReadAction","target":["https:\/\/cliniquemedicalesteadele.com\/en\/about-us\/"]}]},{"@type":"BreadcrumbList","@id":"https:\/\/cliniquemedicalesteadele.com\/en\/about-us\/#breadcrumb","itemListElement":[{"@type":"ListItem","position":1,"name":"Accueil","item":"https:\/\/cliniquemedicalesteadele.com\/en\/"},{"@type":"ListItem","position":2,"name":"About Us"}]},{"@type":"WebSite","@id":"https:\/\/cliniquemedicalesteadele.com\/#website","url":"https:\/\/cliniquemedicalesteadele.com\/","name":"Clinique m\u00e9dicale Saint-Ad\u00e8le","description":"Services m\u00e9dicaux professionnels complets","potentialAction":[{"@type":"SearchAction","target":{"@type":"EntryPoint","urlTemplate":"https:\/\/cliniquemedicalesteadele.com\/?s={search_term_string}"},"query-input":{"@type":"PropertyValueSpecification","valueRequired":true,"valueName":"search_term_string"}}],"inLanguage":"en-US"}]}},"_links":{"self":[{"href":"https:\/\/cliniquemedicalesteadele.com\/en\/wp-json\/wp\/v2\/pages\/459","targetHints":{"allow":["GET"]}}],"collection":[{"href":"https:\/\/cliniquemedicalesteadele.com\/en\/wp-json\/wp\/v2\/pages"}],"about":[{"href":"https:\/\/cliniquemedicalesteadele.com\/en\/wp-json\/wp\/v2\/types\/page"}],"author":[{"embeddable":true,"href":"https:\/\/cliniquemedicalesteadele.com\/en\/wp-json\/wp\/v2\/users\/1"}],"replies":[{"embeddable":true,"href":"https:\/\/cliniquemedicalesteadele.com\/en\/wp-json\/wp\/v2\/comments?post=459"}],"version-history":[{"count":9,"href":"https:\/\/cliniquemedicalesteadele.com\/en\/wp-json\/wp\/v2\/pages\/459\/revisions"}],"predecessor-version":[{"id":818,"href":"https:\/\/cliniquemedicalesteadele.com\/en\/wp-json\/wp\/v2\/pages\/459\/revisions\/818"}],"wp:attachment":[{"href":"https:\/\/cliniquemedicalesteadele.com\/en\/wp-json\/wp\/v2\/media?parent=459"}],"curies":[{"name":"wp","href":"https:\/\/api.w.org\/{rel}","templated":true}]}}