{"id":462,"date":"2021-08-13T15:53:32","date_gmt":"2021-08-13T15:53:32","guid":{"rendered":"https:\/\/cliniquemedicalesteadele.com\/notre-equipe\/"},"modified":"2025-07-15T00:46:02","modified_gmt":"2025-07-15T00:46:02","slug":"the-team","status":"publish","type":"page","link":"https:\/\/cliniquemedicalesteadele.com\/en\/the-team\/","title":{"rendered":"The Team"},"content":{"rendered":"<div class=\"wpb-content-wrapper\">[vc_row fullwidth=&#8221;true&#8221; fullwidth_content=&#8221;false&#8221; el_class=&#8221;bg-header-mobile&#8221;][vc_column][mk_custom_box padding_vertical=&#8221;0&#8243; padding_horizental=&#8221;0&#8243; margin_bottom=&#8221;0&#8243; min_height=&#8221;325&#8243; bg_image=&#8221;https:\/\/cliniquemedicalesteadele.com\/wp-content\/uploads\/2021\/08\/bg-notre-equipe-mobile.jpg&#8221; bg_position=&#8221;center top&#8221; bg_stretch=&#8221;true&#8221;][\/mk_custom_box][\/vc_column][\/vc_row][mk_page_section bg_image=&#8221;https:\/\/cliniquemedicalesteadele.com\/wp-content\/uploads\/2021\/08\/bg-notre-equipe.jpg&#8221; bg_color=&#8221;#eff4f8&#8243; bg_stretch=&#8221;true&#8221; full_height=&#8221;true&#8221; el_class=&#8221;bg-section&#8221; sidebar=&#8221;sidebar-1&#8243;][vc_column][vc_row_inner el_class=&#8221;row-content&#8221;][vc_column_inner width=&#8221;1\/2&#8243; css=&#8221;.vc_custom_1628793911280{margin-right: 0px !important;padding-right: 0px !important;}&#8221;][mk_padding_divider size=&#8221;75&#8243;][vc_column_text css=&#8221;.vc_custom_1744333397465{margin-bottom: 0px !important;}&#8221;]\n<h1>The Team<\/h1>\n<p>The Sainte-Ad\u00e8le Medical Clinic is comprised of professionals specializing in health care. The team consists of 16 general practitioners, and 2 specialized nurse practitioners.[\/vc_column_text][mk_padding_divider size=&#8221;75&#8243;][\/vc_column_inner][vc_column_inner width=&#8221;1\/2&#8243;][\/vc_column_inner][\/vc_row_inner][\/vc_column][\/mk_page_section][vc_row fullwidth=&#8221;true&#8221; fullwidth_content=&#8221;false&#8221;][vc_column][mk_padding_divider size=&#8221;50&#8243;][vc_column_text disable_pattern=&#8221;false&#8221; align=&#8221;center&#8221; css=&#8221;.vc_custom_1630525661858{margin-bottom: 0px !important;}&#8221;]\n<h2>General Practitioners<\/h2>\n[\/vc_column_text][mk_padding_divider size=&#8221;50&#8243;][vc_row_inner is_fullwidth_content=&#8221;false&#8221;][vc_column_inner width=&#8221;1\/3&#8243;][vc_column_text disable_pattern=&#8221;false&#8221; align=&#8221;center&#8221; css=&#8221;.vc_custom_1649621512442{margin-bottom: 0px !important;}&#8221;]<strong>Dre Rose Marie Joncas<\/strong><br \/>\nGP[\/vc_column_text][mk_padding_divider size=&#8221;10&#8243;][vc_column_text disable_pattern=&#8221;false&#8221; align=&#8221;center&#8221; css=&#8221;.vc_custom_1630525678915{margin-bottom: 0px !important;}&#8221;]<strong>Dr Thomas Nicole<\/strong><br \/>\nGP[\/vc_column_text][mk_padding_divider size=&#8221;10&#8243;][vc_column_text disable_pattern=&#8221;false&#8221; align=&#8221;center&#8221; css=&#8221;.vc_custom_1649621527145{margin-bottom: 0px !important;}&#8221;]<strong>Dre Fannie Martin<\/strong><br \/>\nGP[\/vc_column_text][mk_padding_divider size=&#8221;10&#8243;][vc_column_text disable_pattern=&#8221;false&#8221; align=&#8221;center&#8221; css=&#8221;.vc_custom_1630525689606{margin-bottom: 0px !important;}&#8221;]<strong>Dr R\u00e9jean B\u00e9dard<\/strong><br \/>\nGP[\/vc_column_text][mk_padding_divider size=&#8221;10&#8243;][vc_column_text disable_pattern=&#8221;false&#8221; align=&#8221;center&#8221; css=&#8221;.vc_custom_1673875859970{margin-bottom: 0px !important;}&#8221;]<strong>Dr Matthieu Amalric<\/strong><br \/>\nGP[\/vc_column_text][mk_padding_divider size=&#8221;10&#8243;][vc_column_text disable_pattern=&#8221;false&#8221; align=&#8221;center&#8221; css=&#8221;.vc_custom_1744333480848{margin-bottom: 0px !important;}&#8221;]<strong>Dr Luc Lasalle<\/strong><br \/>\nGP[\/vc_column_text][mk_padding_divider size=&#8221;10&#8243;][\/vc_column_inner][vc_column_inner width=&#8221;1\/3&#8243;][vc_column_text disable_pattern=&#8221;false&#8221; align=&#8221;center&#8221; css=&#8221;.vc_custom_1630525701046{margin-bottom: 0px !important;}&#8221;]<strong>Dre Julie Pr\u00e9court<\/strong><br \/>\nGP[\/vc_column_text][mk_padding_divider size=&#8221;10&#8243;][vc_column_text disable_pattern=&#8221;false&#8221; align=&#8221;center&#8221; css=&#8221;.vc_custom_1630525708427{margin-bottom: 0px !important;}&#8221;]<strong>Dr Mathieu St-Cyr<\/strong><br \/>\nGP[\/vc_column_text][mk_padding_divider size=&#8221;10&#8243;][vc_column_text disable_pattern=&#8221;false&#8221; align=&#8221;center&#8221; css=&#8221;.vc_custom_1630525713767{margin-bottom: 0px !important;}&#8221;]<strong>Dre Julie Rioux<\/strong><br \/>\nGP[\/vc_column_text][mk_padding_divider size=&#8221;10&#8243;][vc_column_text disable_pattern=&#8221;false&#8221; align=&#8221;center&#8221; css=&#8221;.vc_custom_1630525719302{margin-bottom: 0px !important;}&#8221;]<strong>Dre Genevi\u00e8ve Gauthier<\/strong><br \/>\nGP[\/vc_column_text][mk_padding_divider size=&#8221;10&#8243;][vc_column_text disable_pattern=&#8221;false&#8221; align=&#8221;center&#8221; css=&#8221;.vc_custom_1744333486189{margin-bottom: 0px !important;}&#8221;]<strong>Dre Marie Letendre<\/strong><br \/>\nGP[\/vc_column_text][mk_padding_divider size=&#8221;10&#8243;][vc_column_text disable_pattern=&#8221;false&#8221; align=&#8221;center&#8221; css=&#8221;.vc_custom_1752540047171{margin-bottom: 0px !important;}&#8221;]<strong>Dr. Marc-Andr\u00e9 Charron<\/strong><br \/>\nGP[\/vc_column_text][\/vc_column_inner][vc_column_inner width=&#8221;1\/3&#8243;][vc_column_text disable_pattern=&#8221;false&#8221; align=&#8221;center&#8221; css=&#8221;.vc_custom_1630525744257{margin-bottom: 0px !important;}&#8221;]<strong>Dr Philippe Melanson<\/strong><br \/>\nMusculoskeletal Injection Specialist[\/vc_column_text][mk_padding_divider size=&#8221;10&#8243;][vc_column_text disable_pattern=&#8221;false&#8221; align=&#8221;center&#8221; css=&#8221;.vc_custom_1630525725784{margin-bottom: 0px !important;}&#8221;]<strong>Dre Carolane Deslauriers<\/strong><br \/>\nGP[\/vc_column_text][mk_padding_divider size=&#8221;10&#8243;][vc_column_text disable_pattern=&#8221;false&#8221; align=&#8221;center&#8221; css=&#8221;.vc_custom_1744333453771{margin-bottom: 0px !important;}&#8221;]<strong>Dre Claudie Richer<\/strong><br \/>\nGP[\/vc_column_text][mk_padding_divider size=&#8221;10&#8243;][vc_column_text disable_pattern=&#8221;false&#8221; align=&#8221;center&#8221; css=&#8221;.vc_custom_1630525735109{margin-bottom: 0px !important;}&#8221;]<strong>\u00a0Dre Maryse Tousignant<\/strong><br \/>\nGP[\/vc_column_text][mk_padding_divider size=&#8221;10&#8243;][vc_column_text disable_pattern=&#8221;false&#8221; align=&#8221;center&#8221; css=&#8221;.vc_custom_1744333491168{margin-bottom: 0px !important;}&#8221;]<strong>Dre Alexandra Cadieux<\/strong><br \/>\nGP[\/vc_column_text][mk_padding_divider size=&#8221;10&#8243;][\/vc_column_inner][\/vc_row_inner][mk_padding_divider size=&#8221;50&#8243;][\/vc_column][\/vc_row][vc_row fullwidth=&#8221;true&#8221; fullwidth_content=&#8221;false&#8221;][vc_column][mk_padding_divider size=&#8221;50&#8243;][vc_column_text disable_pattern=&#8221;false&#8221; align=&#8221;center&#8221; css=&#8221;.vc_custom_1630525792026{margin-bottom: 0px !important;}&#8221;]\n<h2>Specialists<\/h2>\n[\/vc_column_text][mk_padding_divider size=&#8221;50&#8243;][vc_row_inner is_fullwidth_content=&#8221;false&#8221;][vc_column_inner width=&#8221;1\/2&#8243;][vc_column_text disable_pattern=&#8221;false&#8221; align=&#8221;center&#8221; css=&#8221;.vc_custom_1744333561648{margin-bottom: 0px !important;}&#8221;]<strong>Dre Carole Richard<\/strong><br \/>\nGeneral surgeon[\/vc_column_text][mk_padding_divider size=&#8221;10&#8243;][\/vc_column_inner][vc_column_inner width=&#8221;1\/2&#8243;][vc_column_text disable_pattern=&#8221;false&#8221; align=&#8221;center&#8221; css=&#8221;.vc_custom_1744333552951{margin-bottom: 0px !important;}&#8221;]<strong>Dre Jos\u00e9e Chouinard<\/strong><br \/>\nPediatrician[\/vc_column_text][mk_padding_divider size=&#8221;10&#8243;][\/vc_column_inner][\/vc_row_inner][mk_padding_divider size=&#8221;50&#8243;][\/vc_column][\/vc_row][vc_row fullwidth=&#8221;true&#8221; fullwidth_content=&#8221;false&#8221;][vc_column][mk_padding_divider size=&#8221;50&#8243;][vc_column_text disable_pattern=&#8221;false&#8221; align=&#8221;center&#8221; css=&#8221;.vc_custom_1744333612293{margin-bottom: 0px !important;}&#8221;]\n<h2>Specialized nurse practitioner<\/h2>\n[\/vc_column_text][mk_padding_divider size=&#8221;50&#8243;][vc_row_inner is_fullwidth_content=&#8221;false&#8221;][vc_column_inner width=&#8221;1\/2&#8243;][vc_column_text disable_pattern=&#8221;false&#8221; align=&#8221;center&#8221; css=&#8221;.vc_custom_1673875906156{margin-bottom: 0px !important;}&#8221;]<strong>Magali Thibeault-Williams<\/strong><br \/>\nSpecialized Nurse Practitioner[\/vc_column_text][mk_padding_divider size=&#8221;10&#8243;][vc_column_text disable_pattern=&#8221;false&#8221; align=&#8221;center&#8221; css=&#8221;.vc_custom_1752540139793{margin-bottom: 0px !important;}&#8221;]<strong>Sophie Mouquet<\/strong><br \/>\nMental health specialized Nurse Practitioner[\/vc_column_text][\/vc_column_inner][vc_column_inner width=&#8221;1\/2&#8243;][vc_column_text disable_pattern=&#8221;false&#8221; align=&#8221;center&#8221; css=&#8221;.vc_custom_1630525850758{margin-bottom: 0px !important;}&#8221;]<strong>\u00c9milie Auger<\/strong><br \/>\nSpecialized Nurse Practitioner[\/vc_column_text][mk_padding_divider size=&#8221;10&#8243;][\/vc_column_inner][\/vc_row_inner][mk_padding_divider size=&#8221;50&#8243;][\/vc_column][\/vc_row][vc_row fullwidth=&#8221;true&#8221; fullwidth_content=&#8221;false&#8221;][vc_column][mk_padding_divider size=&#8221;50&#8243;][vc_column_text disable_pattern=&#8221;false&#8221; align=&#8221;center&#8221; css=&#8221;.vc_custom_1744333631587{margin-bottom: 0px !important;}&#8221;]\n<h2>Other professionals<\/h2>\n[\/vc_column_text][mk_padding_divider size=&#8221;50&#8243;][vc_row_inner is_fullwidth_content=&#8221;false&#8221;][vc_column_inner width=&#8221;1\/2&#8243;][vc_column_text disable_pattern=&#8221;false&#8221; align=&#8221;center&#8221; css=&#8221;.vc_custom_1744334092743{margin-bottom: 0px !important;}&#8221;]<strong>Martin Robert<\/strong><br \/>\nPharmacist[\/vc_column_text][mk_padding_divider size=&#8221;10&#8243;][vc_column_text disable_pattern=&#8221;false&#8221; align=&#8221;center&#8221; css=&#8221;.vc_custom_1744333641166{margin-bottom: 0px !important;}&#8221;]<strong>2 Physiotherapists<\/strong>[\/vc_column_text][mk_padding_divider size=&#8221;10&#8243;][vc_column_text disable_pattern=&#8221;false&#8221; align=&#8221;center&#8221; css=&#8221;.vc_custom_1752540153738{margin-bottom: 0px !important;}&#8221;]<strong>3 Nursing Assistants<\/strong>[\/vc_column_text][mk_padding_divider size=&#8221;10&#8243;][vc_column_text disable_pattern=&#8221;false&#8221; align=&#8221;center&#8221; css=&#8221;.vc_custom_1744333693502{margin-bottom: 0px !important;}&#8221;]<strong>1 Nutritionist<\/strong>[\/vc_column_text][mk_padding_divider size=&#8221;10&#8243;][\/vc_column_inner][vc_column_inner width=&#8221;1\/2&#8243;][vc_column_text disable_pattern=&#8221;false&#8221; align=&#8221;center&#8221; css=&#8221;.vc_custom_1744333650325{margin-bottom: 0px !important;}&#8221;]<strong>3 Clinical Nurses<\/strong>[\/vc_column_text][mk_padding_divider size=&#8221;10&#8243;][vc_column_text disable_pattern=&#8221;false&#8221; align=&#8221;center&#8221; css=&#8221;.vc_custom_1744333684570{margin-bottom: 0px !important;}&#8221;]<strong>2 Social Workers<\/strong>[\/vc_column_text][mk_padding_divider size=&#8221;10&#8243;][vc_column_text disable_pattern=&#8221;false&#8221; align=&#8221;center&#8221; css=&#8221;.vc_custom_1744333703639{margin-bottom: 0px !important;}&#8221;]<strong>2 Medical Assistants<\/strong>[\/vc_column_text][mk_padding_divider size=&#8221;10&#8243;][\/vc_column_inner][\/vc_row_inner][mk_padding_divider size=&#8221;50&#8243;][\/vc_column][\/vc_row][vc_row fullwidth=&#8221;true&#8221; fullwidth_content=&#8221;false&#8221;][vc_column][mk_padding_divider size=&#8221;50&#8243;][vc_column_text disable_pattern=&#8221;false&#8221; align=&#8221;center&#8221; css=&#8221;.vc_custom_1744333718896{margin-bottom: 0px !important;}&#8221;]\n<h2>Paid services<\/h2>\n[\/vc_column_text][mk_padding_divider size=&#8221;50&#8243;][vc_row_inner is_fullwidth_content=&#8221;false&#8221;][vc_column_inner width=&#8221;1\/2&#8243;][vc_column_text disable_pattern=&#8221;false&#8221; align=&#8221;center&#8221; css=&#8221;.vc_custom_1744333727914{margin-bottom: 0px !important;}&#8221;]<strong>Hearing aid specialist<\/strong>[\/vc_column_text][mk_padding_divider size=&#8221;10&#8243;][vc_column_text disable_pattern=&#8221;false&#8221; align=&#8221;center&#8221; css=&#8221;.vc_custom_1752540356014{margin-bottom: 0px !important;}&#8221;]<strong>Blood sampling<\/strong><br \/>\n$15 fee, paid in cash from Monday to Friday, appointments can be made by phone or at the clinic.[\/vc_column_text][\/vc_column_inner][vc_column_inner width=&#8221;1\/2&#8243;][vc_column_text disable_pattern=&#8221;false&#8221; align=&#8221;center&#8221; css=&#8221;.vc_custom_1744333736237{margin-bottom: 0px !important;}&#8221;]<strong>Family Coach<\/strong>[\/vc_column_text][mk_padding_divider size=&#8221;10&#8243;][\/vc_column_inner][\/vc_row_inner][mk_padding_divider size=&#8221;50&#8243;][\/vc_column][\/vc_row][vc_row fullwidth=&#8221;true&#8221; fullwidth_content=&#8221;false&#8221;][vc_column][mk_padding_divider size=&#8221;50&#8243;][vc_column_text disable_pattern=&#8221;false&#8221; align=&#8221;center&#8221; css=&#8221;.vc_custom_1744334139158{margin-bottom: 0px !important;}&#8221;]\n<h2>Our two associations<\/h2>\n[\/vc_column_text][mk_padding_divider size=&#8221;50&#8243;][vc_row_inner is_fullwidth_content=&#8221;false&#8221;][vc_column_inner width=&#8221;1\/2&#8243;][vc_column_text disable_pattern=&#8221;false&#8221; align=&#8221;center&#8221; css=&#8221;.vc_custom_1744334047504{margin-bottom: 0px !important;}&#8221;]<strong>COOP Val Morin.<\/strong><br \/>\nDr Pierre Lapointe[\/vc_column_text][mk_padding_divider size=&#8221;10&#8243;][\/vc_column_inner][vc_column_inner width=&#8221;1\/2&#8243;][vc_column_text disable_pattern=&#8221;false&#8221; align=&#8221;center&#8221; css=&#8221;.vc_custom_1744334036897{margin-bottom: 0px !important;}&#8221;]<strong>COOP Sainte Marguerite du Lac Masson<\/strong><br \/>\nDr Charron et Jennifer Huneault [\/vc_column_text][mk_padding_divider size=&#8221;10&#8243;][\/vc_column_inner][\/vc_row_inner][mk_padding_divider size=&#8221;50&#8243;][\/vc_column][\/vc_row]\n<\/div>","protected":false},"excerpt":{"rendered":"<p>[vc_row fullwidth=&#8221;true&#8221; fullwidth_content=&#8221;false&#8221; el_class=&#8221;bg-header-mobile&#8221;][vc_column][mk_custom_box padding_vertical=&#8221;0&#8243; padding_horizental=&#8221;0&#8243; margin_bottom=&#8221;0&#8243; min_height=&#8221;325&#8243; bg_image=&#8221;https:\/\/cliniquemedicalesteadele.com\/wp-content\/uploads\/2021\/08\/bg-notre-equipe-mobile.jpg&#8221; bg_position=&#8221;center top&#8221; bg_stretch=&#8221;true&#8221;][\/mk_custom_box][\/vc_column][\/vc_row][mk_page_section bg_image=&#8221;https:\/\/cliniquemedicalesteadele.com\/wp-content\/uploads\/2021\/08\/bg-notre-equipe.jpg&#8221; bg_color=&#8221;#eff4f8&#8243; bg_stretch=&#8221;true&#8221; full_height=&#8221;true&#8221; el_class=&#8221;bg-section&#8221; sidebar=&#8221;sidebar-1&#8243;][vc_column][vc_row_inner el_class=&#8221;row-content&#8221;][vc_column_inner width=&#8221;1\/2&#8243; css=&#8221;.vc_custom_1628793911280{margin-right: 0px !important;padding-right: 0px !important;}&#8221;][mk_padding_divider size=&#8221;75&#8243;][vc_column_text css=&#8221;.vc_custom_1744333397465{margin-bottom: 0px !important;}&#8221;] The Team The Sainte-Ad\u00e8le Medical Clinic is comprised of professionals specializing in health care. The team consists of 16 general practitioners, and 2 specialized nurse practitioners.[\/vc_column_text][mk_padding_divider [&hellip;]<\/p>\n","protected":false},"author":1,"featured_media":0,"parent":0,"menu_order":0,"comment_status":"closed","ping_status":"closed","template":"","meta":{"footnotes":""},"class_list":["post-462","page","type-page","status-publish","hentry"],"yoast_head":"<!-- This site is optimized with the Yoast SEO plugin v26.5 - https:\/\/yoast.com\/wordpress\/plugins\/seo\/ -->\n<title>Sainte-Ad\u00e8le MedicalClinic | Team<\/title>\n<meta name=\"description\" content=\"The team at the Sainte-Ad\u00e8le Medical Clinic welcomes you in a professional setting and with sin-cere concern for your general health.\" \/>\n<meta name=\"robots\" content=\"index, follow, max-snippet:-1, max-image-preview:large, max-video-preview:-1\" \/>\n<link rel=\"canonical\" href=\"https:\/\/cliniquemedicalesteadele.com\/en\/the-team\/\" \/>\n<meta property=\"og:locale\" content=\"en_US\" \/>\n<meta property=\"og:type\" content=\"article\" \/>\n<meta property=\"og:title\" content=\"Sainte-Ad\u00e8le MedicalClinic | Team\" \/>\n<meta property=\"og:description\" content=\"The team at the Sainte-Ad\u00e8le Medical Clinic welcomes you in a professional setting and with sin-cere concern for your general health.\" \/>\n<meta property=\"og:url\" content=\"https:\/\/cliniquemedicalesteadele.com\/en\/the-team\/\" \/>\n<meta property=\"og:site_name\" content=\"Clinique m\u00e9dicale Saint-Ad\u00e8le\" \/>\n<meta property=\"article:modified_time\" content=\"2025-07-15T00:46:02+00:00\" \/>\n<meta name=\"twitter:card\" content=\"summary_large_image\" \/>\n<meta name=\"twitter:label1\" content=\"Est. reading time\" \/>\n\t<meta name=\"twitter:data1\" content=\"3 minutes\" \/>\n<script type=\"application\/ld+json\" class=\"yoast-schema-graph\">{\"@context\":\"https:\/\/schema.org\",\"@graph\":[{\"@type\":\"WebPage\",\"@id\":\"https:\/\/cliniquemedicalesteadele.com\/en\/the-team\/\",\"url\":\"https:\/\/cliniquemedicalesteadele.com\/en\/the-team\/\",\"name\":\"Sainte-Ad\u00e8le MedicalClinic | Team\",\"isPartOf\":{\"@id\":\"https:\/\/cliniquemedicalesteadele.com\/#website\"},\"datePublished\":\"2021-08-13T15:53:32+00:00\",\"dateModified\":\"2025-07-15T00:46:02+00:00\",\"description\":\"The team at the Sainte-Ad\u00e8le Medical Clinic welcomes you in a professional setting and with sin-cere concern for your general health.\",\"breadcrumb\":{\"@id\":\"https:\/\/cliniquemedicalesteadele.com\/en\/the-team\/#breadcrumb\"},\"inLanguage\":\"en-US\",\"potentialAction\":[{\"@type\":\"ReadAction\",\"target\":[\"https:\/\/cliniquemedicalesteadele.com\/en\/the-team\/\"]}]},{\"@type\":\"BreadcrumbList\",\"@id\":\"https:\/\/cliniquemedicalesteadele.com\/en\/the-team\/#breadcrumb\",\"itemListElement\":[{\"@type\":\"ListItem\",\"position\":1,\"name\":\"Accueil\",\"item\":\"https:\/\/cliniquemedicalesteadele.com\/en\/\"},{\"@type\":\"ListItem\",\"position\":2,\"name\":\"The Team\"}]},{\"@type\":\"WebSite\",\"@id\":\"https:\/\/cliniquemedicalesteadele.com\/#website\",\"url\":\"https:\/\/cliniquemedicalesteadele.com\/\",\"name\":\"Clinique m\u00e9dicale Saint-Ad\u00e8le\",\"description\":\"Services m\u00e9dicaux professionnels complets\",\"potentialAction\":[{\"@type\":\"SearchAction\",\"target\":{\"@type\":\"EntryPoint\",\"urlTemplate\":\"https:\/\/cliniquemedicalesteadele.com\/?s={search_term_string}\"},\"query-input\":{\"@type\":\"PropertyValueSpecification\",\"valueRequired\":true,\"valueName\":\"search_term_string\"}}],\"inLanguage\":\"en-US\"}]}<\/script>\n<!-- \/ Yoast SEO plugin. -->","yoast_head_json":{"title":"Sainte-Ad\u00e8le MedicalClinic | Team","description":"The team at the Sainte-Ad\u00e8le Medical Clinic welcomes you in a professional setting and with sin-cere concern for your general health.","robots":{"index":"index","follow":"follow","max-snippet":"max-snippet:-1","max-image-preview":"max-image-preview:large","max-video-preview":"max-video-preview:-1"},"canonical":"https:\/\/cliniquemedicalesteadele.com\/en\/the-team\/","og_locale":"en_US","og_type":"article","og_title":"Sainte-Ad\u00e8le MedicalClinic | Team","og_description":"The team at the Sainte-Ad\u00e8le Medical Clinic welcomes you in a professional setting and with sin-cere concern for your general health.","og_url":"https:\/\/cliniquemedicalesteadele.com\/en\/the-team\/","og_site_name":"Clinique m\u00e9dicale Saint-Ad\u00e8le","article_modified_time":"2025-07-15T00:46:02+00:00","twitter_card":"summary_large_image","twitter_misc":{"Est. reading time":"3 minutes"},"schema":{"@context":"https:\/\/schema.org","@graph":[{"@type":"WebPage","@id":"https:\/\/cliniquemedicalesteadele.com\/en\/the-team\/","url":"https:\/\/cliniquemedicalesteadele.com\/en\/the-team\/","name":"Sainte-Ad\u00e8le MedicalClinic | Team","isPartOf":{"@id":"https:\/\/cliniquemedicalesteadele.com\/#website"},"datePublished":"2021-08-13T15:53:32+00:00","dateModified":"2025-07-15T00:46:02+00:00","description":"The team at the Sainte-Ad\u00e8le Medical Clinic welcomes you in a professional setting and with sin-cere concern for your general health.","breadcrumb":{"@id":"https:\/\/cliniquemedicalesteadele.com\/en\/the-team\/#breadcrumb"},"inLanguage":"en-US","potentialAction":[{"@type":"ReadAction","target":["https:\/\/cliniquemedicalesteadele.com\/en\/the-team\/"]}]},{"@type":"BreadcrumbList","@id":"https:\/\/cliniquemedicalesteadele.com\/en\/the-team\/#breadcrumb","itemListElement":[{"@type":"ListItem","position":1,"name":"Accueil","item":"https:\/\/cliniquemedicalesteadele.com\/en\/"},{"@type":"ListItem","position":2,"name":"The Team"}]},{"@type":"WebSite","@id":"https:\/\/cliniquemedicalesteadele.com\/#website","url":"https:\/\/cliniquemedicalesteadele.com\/","name":"Clinique m\u00e9dicale Saint-Ad\u00e8le","description":"Services m\u00e9dicaux professionnels complets","potentialAction":[{"@type":"SearchAction","target":{"@type":"EntryPoint","urlTemplate":"https:\/\/cliniquemedicalesteadele.com\/?s={search_term_string}"},"query-input":{"@type":"PropertyValueSpecification","valueRequired":true,"valueName":"search_term_string"}}],"inLanguage":"en-US"}]}},"_links":{"self":[{"href":"https:\/\/cliniquemedicalesteadele.com\/en\/wp-json\/wp\/v2\/pages\/462","targetHints":{"allow":["GET"]}}],"collection":[{"href":"https:\/\/cliniquemedicalesteadele.com\/en\/wp-json\/wp\/v2\/pages"}],"about":[{"href":"https:\/\/cliniquemedicalesteadele.com\/en\/wp-json\/wp\/v2\/types\/page"}],"author":[{"embeddable":true,"href":"https:\/\/cliniquemedicalesteadele.com\/en\/wp-json\/wp\/v2\/users\/1"}],"replies":[{"embeddable":true,"href":"https:\/\/cliniquemedicalesteadele.com\/en\/wp-json\/wp\/v2\/comments?post=462"}],"version-history":[{"count":12,"href":"https:\/\/cliniquemedicalesteadele.com\/en\/wp-json\/wp\/v2\/pages\/462\/revisions"}],"predecessor-version":[{"id":828,"href":"https:\/\/cliniquemedicalesteadele.com\/en\/wp-json\/wp\/v2\/pages\/462\/revisions\/828"}],"wp:attachment":[{"href":"https:\/\/cliniquemedicalesteadele.com\/en\/wp-json\/wp\/v2\/media?parent=462"}],"curies":[{"name":"wp","href":"https:\/\/api.w.org\/{rel}","templated":true}]}}