{"id":472,"date":"2021-08-12T19:36:16","date_gmt":"2021-08-12T19:36:16","guid":{"rendered":"https:\/\/cliniquemedicalesteadele.com\/nous-joindre\/"},"modified":"2023-03-30T15:38:53","modified_gmt":"2023-03-30T15:38:53","slug":"contact-us","status":"publish","type":"page","link":"https:\/\/cliniquemedicalesteadele.com\/en\/contact-us\/","title":{"rendered":"Contact Us"},"content":{"rendered":"<div class=\"wpb-content-wrapper\">[mk_page_section bg_image=&#8221;https:\/\/cliniquemedicalesteadele.com\/wp-content\/uploads\/2021\/08\/bg-nous-joindre.jpg&#8221; bg_position=&#8221;center center&#8221; bg_repeat=&#8221;no-repeat&#8221; bg_stretch=&#8221;true&#8221; enable_3d=&#8221;true&#8221; full_height=&#8221;true&#8221; el_class=&#8221;bg-section-contact&#8221; sidebar=&#8221;sidebar-1&#8243;][vc_column][vc_row_inner el_class=&#8221;row-content&#8221;][vc_column_inner][mk_padding_divider size=&#8221;50&#8243; visibility=&#8221;visible-sm&#8221;][vc_column_text disable_pattern=&#8221;false&#8221; css=&#8221;.vc_custom_1630526530130{margin-bottom: 0px !important;}&#8221;]\n<h2 class=\"titre-header\">Contact<br \/>\nUs<\/h2>\n[\/vc_column_text][mk_padding_divider size=&#8221;50&#8243; visibility=&#8221;visible-sm&#8221;][\/vc_column_inner][\/vc_row_inner][\/vc_column][\/mk_page_section][vc_row fullwidth=&#8221;true&#8221; fullwidth_content=&#8221;false&#8221; el_class=&#8221;column-padding-mobile&#8221;][vc_column css=&#8221;.vc_custom_1628784066178{padding-right: 50px !important;padding-left: 50px !important;}&#8221;][mk_padding_divider size=&#8221;50&#8243;][vc_column_text disable_pattern=&#8221;false&#8221; align=&#8221;center&#8221; css=&#8221;.vc_custom_1678972575108{margin-bottom: 0px !important;}&#8221;]\n<h1>Contact the Sainte-Ad\u00e8le Medical\u00a0Clinic<\/h1>\n<p>The Sainte-Ad\u00e8le Medical Clinic welcomes you with or without an appointment at <a href=\"https:\/\/goo.gl\/maps\/QdwT8UpQXFVRoy71A\" target=\"_blank\" rel=\"noopener\">1150 rue du Bourg-Joli<\/a>.<\/p>\n<p><a class=\"btn-plus btn-bleu btn-large-txt\" href=\"https:\/\/rvsq.gouv.qc.ca\/accueil\/index-en.html\" target=\"_blank\" rel=\"noopener\">To book an appointment, click here<\/a><\/p>\n<p><a class=\"btn-plus btn-bleu btn-large-txt\" href=\"\/en\/walk-in-clinic\/\">For office hours of the walk-in clinic and information on how\u00a0to\u00a0proceed, click here.<\/a><\/p>\n<p><a class=\"btn-plus btn-bleu btn-large-txt\" href=\"tel:4502296633\">450-229-6633<\/a><\/p>\n<p>Fax : 450-229-5765[\/vc_column_text][mk_padding_divider size=&#8221;50&#8243;][\/vc_column][\/vc_row][vc_row fullwidth=&#8221;true&#8221; fullwidth_content=&#8221;false&#8221; css=&#8221;.vc_custom_1628789621544{background-color: #ebf0f6 !important;}&#8221; el_class=&#8221;column-padding-mobile&#8221;][vc_column][mk_padding_divider size=&#8221;75&#8243;][vc_single_image image=&#8221;47&#8243; img_size=&#8221;full&#8221; alignment=&#8221;center&#8221;][vc_column_text disable_pattern=&#8221;false&#8221; align=&#8221;center&#8221; css=&#8221;.vc_custom_1680190731434{margin-bottom: 0px !important;}&#8221;]\n<h2>Clinic\u2019s Hours<\/h2>\n<p>Monday: 8:30 a.m. &#8211; 8:30 p.m.<br \/>\nTuesday: 8:30 a.m. &#8211; 8:30 p.m.<br \/>\nWednesday: 8:30 a.m. &#8211; 8:30 p.m.<br \/>\nThursday: 8:30 a.m. &#8211; 8:30 p.m.<br \/>\nFriday: 8:30 a.m. &#8211; 4:30 p.m.<br \/>\nSaturday: 8:30 a.m. &#8211; 4:30 p.m.<br \/>\nSunday: Closed<\/p>\n<p>Holidays 8:30 a.m. &#8211; 4:30 p.m.[\/vc_column_text][mk_padding_divider size=&#8221;75&#8243;][\/vc_column][\/vc_row][vc_row fullwidth=&#8221;true&#8221; css=&#8221;.vc_custom_1628800633111{margin-right: 0px !important;padding-right: 0px !important;background-color: #50758b !important;}&#8221;][vc_column width=&#8221;1\/2&#8243; css=&#8221;.vc_custom_1628715717252{padding-right: 0px !important;padding-left: 0px !important;}&#8221;][vc_row_inner is_fullwidth_content=&#8221;false&#8221;][vc_column_inner][mk_padding_divider size=&#8221;50&#8243; visibility=&#8221;hidden-sm&#8221;][vc_column_text disable_pattern=&#8221;false&#8221; el_class=&#8221;padding-coordonnees txt-blanc center-mobile&#8221; css=&#8221;.vc_custom_1649886490816{margin-bottom: 0px !important;}&#8221;]\n<h1 class=\"txt-blanc\">Contact<br \/>\nInformation<\/h1>\n<p><a class=\"lien-courriel lien-courriel-bleu\" href=\"mailto:info@cliniquemedicalesteadele.com\">info@cliniquemedicalesteadele.com<\/a><\/p>\n<p><a class=\"btn-plus btn-bleu btn-large-txt\" href=\"https:\/\/goo.gl\/maps\/QdwT8UpQXFVRoy71A\">Get direction<\/a>[\/vc_column_text][\/vc_column_inner][\/vc_row_inner][\/vc_column][vc_column width=&#8221;1\/2&#8243; css=&#8221;.vc_custom_1628715691659{margin-right: 0px !important;margin-left: 0px !important;padding-right: 0px !important;padding-left: 0px !important;}&#8221;][mk_custom_box padding_vertical=&#8221;0&#8243; padding_horizental=&#8221;0&#8243; margin_bottom=&#8221;0&#8243; el_class=&#8221;img-style-smaller&#8221; bg_image=&#8221;https:\/\/cliniquemedicalesteadele.com\/wp-content\/uploads\/2021\/08\/map-clinique-medicale-sainte-adele.jpg&#8221; bg_stretch=&#8221;true&#8221;][\/mk_custom_box][\/vc_column][\/vc_row]\n<\/div>","protected":false},"excerpt":{"rendered":"<p>[mk_page_section bg_image=&#8221;https:\/\/cliniquemedicalesteadele.com\/wp-content\/uploads\/2021\/08\/bg-nous-joindre.jpg&#8221; bg_position=&#8221;center center&#8221; bg_repeat=&#8221;no-repeat&#8221; bg_stretch=&#8221;true&#8221; enable_3d=&#8221;true&#8221; full_height=&#8221;true&#8221; el_class=&#8221;bg-section-contact&#8221; sidebar=&#8221;sidebar-1&#8243;][vc_column][vc_row_inner el_class=&#8221;row-content&#8221;][vc_column_inner][mk_padding_divider size=&#8221;50&#8243; visibility=&#8221;visible-sm&#8221;][vc_column_text disable_pattern=&#8221;false&#8221; css=&#8221;.vc_custom_1630526530130{margin-bottom: 0px !important;}&#8221;] Contact Us [\/vc_column_text][mk_padding_divider size=&#8221;50&#8243; visibility=&#8221;visible-sm&#8221;][\/vc_column_inner][\/vc_row_inner][\/vc_column][\/mk_page_section][vc_row fullwidth=&#8221;true&#8221; fullwidth_content=&#8221;false&#8221; el_class=&#8221;column-padding-mobile&#8221;][vc_column css=&#8221;.vc_custom_1628784066178{padding-right: 50px !important;padding-left: 50px !important;}&#8221;][mk_padding_divider size=&#8221;50&#8243;][vc_column_text disable_pattern=&#8221;false&#8221; align=&#8221;center&#8221; css=&#8221;.vc_custom_1678972575108{margin-bottom: 0px !important;}&#8221;] Contact the Sainte-Ad\u00e8le Medical\u00a0Clinic The Sainte-Ad\u00e8le Medical Clinic welcomes you with or without an appointment at 1150 rue du [&hellip;]<\/p>\n","protected":false},"author":1,"featured_media":0,"parent":0,"menu_order":0,"comment_status":"closed","ping_status":"closed","template":"","meta":{"footnotes":""},"class_list":["post-472","page","type-page","status-publish","hentry"],"yoast_head":"<!-- This site is optimized with the Yoast SEO plugin v26.5 - https:\/\/yoast.com\/wordpress\/plugins\/seo\/ -->\n<title>Sainte-Ad\u00e8le Medical Clinic | Contact Us<\/title>\n<meta name=\"description\" content=\"The Sainte-Ad\u00e8le Medical Clinic is located at 1150, rue du Bourg-Joli. Email: in-fo@centremedicalpdh.com\" \/>\n<meta name=\"robots\" content=\"index, follow, max-snippet:-1, max-image-preview:large, max-video-preview:-1\" \/>\n<link rel=\"canonical\" href=\"https:\/\/cliniquemedicalesteadele.com\/en\/contact-us\/\" \/>\n<meta property=\"og:locale\" content=\"en_US\" \/>\n<meta property=\"og:type\" content=\"article\" \/>\n<meta property=\"og:title\" content=\"Sainte-Ad\u00e8le Medical Clinic | Contact Us\" \/>\n<meta property=\"og:description\" content=\"The Sainte-Ad\u00e8le Medical Clinic is located at 1150, rue du Bourg-Joli. Email: in-fo@centremedicalpdh.com\" \/>\n<meta property=\"og:url\" content=\"https:\/\/cliniquemedicalesteadele.com\/en\/contact-us\/\" \/>\n<meta property=\"og:site_name\" content=\"Clinique m\u00e9dicale Saint-Ad\u00e8le\" \/>\n<meta property=\"article:modified_time\" content=\"2023-03-30T15:38:53+00:00\" \/>\n<meta name=\"twitter:card\" content=\"summary_large_image\" \/>\n<meta name=\"twitter:label1\" content=\"Est. reading time\" \/>\n\t<meta name=\"twitter:data1\" content=\"1 minute\" \/>\n<script type=\"application\/ld+json\" class=\"yoast-schema-graph\">{\"@context\":\"https:\/\/schema.org\",\"@graph\":[{\"@type\":\"WebPage\",\"@id\":\"https:\/\/cliniquemedicalesteadele.com\/en\/contact-us\/\",\"url\":\"https:\/\/cliniquemedicalesteadele.com\/en\/contact-us\/\",\"name\":\"Sainte-Ad\u00e8le Medical Clinic | Contact Us\",\"isPartOf\":{\"@id\":\"https:\/\/cliniquemedicalesteadele.com\/#website\"},\"datePublished\":\"2021-08-12T19:36:16+00:00\",\"dateModified\":\"2023-03-30T15:38:53+00:00\",\"description\":\"The Sainte-Ad\u00e8le Medical Clinic is located at 1150, rue du Bourg-Joli. Email: in-fo@centremedicalpdh.com\",\"breadcrumb\":{\"@id\":\"https:\/\/cliniquemedicalesteadele.com\/en\/contact-us\/#breadcrumb\"},\"inLanguage\":\"en-US\",\"potentialAction\":[{\"@type\":\"ReadAction\",\"target\":[\"https:\/\/cliniquemedicalesteadele.com\/en\/contact-us\/\"]}]},{\"@type\":\"BreadcrumbList\",\"@id\":\"https:\/\/cliniquemedicalesteadele.com\/en\/contact-us\/#breadcrumb\",\"itemListElement\":[{\"@type\":\"ListItem\",\"position\":1,\"name\":\"Accueil\",\"item\":\"https:\/\/cliniquemedicalesteadele.com\/en\/\"},{\"@type\":\"ListItem\",\"position\":2,\"name\":\"Contact Us\"}]},{\"@type\":\"WebSite\",\"@id\":\"https:\/\/cliniquemedicalesteadele.com\/#website\",\"url\":\"https:\/\/cliniquemedicalesteadele.com\/\",\"name\":\"Clinique m\u00e9dicale Saint-Ad\u00e8le\",\"description\":\"Services m\u00e9dicaux professionnels complets\",\"potentialAction\":[{\"@type\":\"SearchAction\",\"target\":{\"@type\":\"EntryPoint\",\"urlTemplate\":\"https:\/\/cliniquemedicalesteadele.com\/?s={search_term_string}\"},\"query-input\":{\"@type\":\"PropertyValueSpecification\",\"valueRequired\":true,\"valueName\":\"search_term_string\"}}],\"inLanguage\":\"en-US\"}]}<\/script>\n<!-- \/ Yoast SEO plugin. -->","yoast_head_json":{"title":"Sainte-Ad\u00e8le Medical Clinic | Contact Us","description":"The Sainte-Ad\u00e8le Medical Clinic is located at 1150, rue du Bourg-Joli. Email: in-fo@centremedicalpdh.com","robots":{"index":"index","follow":"follow","max-snippet":"max-snippet:-1","max-image-preview":"max-image-preview:large","max-video-preview":"max-video-preview:-1"},"canonical":"https:\/\/cliniquemedicalesteadele.com\/en\/contact-us\/","og_locale":"en_US","og_type":"article","og_title":"Sainte-Ad\u00e8le Medical Clinic | Contact Us","og_description":"The Sainte-Ad\u00e8le Medical Clinic is located at 1150, rue du Bourg-Joli. Email: in-fo@centremedicalpdh.com","og_url":"https:\/\/cliniquemedicalesteadele.com\/en\/contact-us\/","og_site_name":"Clinique m\u00e9dicale Saint-Ad\u00e8le","article_modified_time":"2023-03-30T15:38:53+00:00","twitter_card":"summary_large_image","twitter_misc":{"Est. reading time":"1 minute"},"schema":{"@context":"https:\/\/schema.org","@graph":[{"@type":"WebPage","@id":"https:\/\/cliniquemedicalesteadele.com\/en\/contact-us\/","url":"https:\/\/cliniquemedicalesteadele.com\/en\/contact-us\/","name":"Sainte-Ad\u00e8le Medical Clinic | Contact Us","isPartOf":{"@id":"https:\/\/cliniquemedicalesteadele.com\/#website"},"datePublished":"2021-08-12T19:36:16+00:00","dateModified":"2023-03-30T15:38:53+00:00","description":"The Sainte-Ad\u00e8le Medical Clinic is located at 1150, rue du Bourg-Joli. Email: in-fo@centremedicalpdh.com","breadcrumb":{"@id":"https:\/\/cliniquemedicalesteadele.com\/en\/contact-us\/#breadcrumb"},"inLanguage":"en-US","potentialAction":[{"@type":"ReadAction","target":["https:\/\/cliniquemedicalesteadele.com\/en\/contact-us\/"]}]},{"@type":"BreadcrumbList","@id":"https:\/\/cliniquemedicalesteadele.com\/en\/contact-us\/#breadcrumb","itemListElement":[{"@type":"ListItem","position":1,"name":"Accueil","item":"https:\/\/cliniquemedicalesteadele.com\/en\/"},{"@type":"ListItem","position":2,"name":"Contact Us"}]},{"@type":"WebSite","@id":"https:\/\/cliniquemedicalesteadele.com\/#website","url":"https:\/\/cliniquemedicalesteadele.com\/","name":"Clinique m\u00e9dicale Saint-Ad\u00e8le","description":"Services m\u00e9dicaux professionnels complets","potentialAction":[{"@type":"SearchAction","target":{"@type":"EntryPoint","urlTemplate":"https:\/\/cliniquemedicalesteadele.com\/?s={search_term_string}"},"query-input":{"@type":"PropertyValueSpecification","valueRequired":true,"valueName":"search_term_string"}}],"inLanguage":"en-US"}]}},"_links":{"self":[{"href":"https:\/\/cliniquemedicalesteadele.com\/en\/wp-json\/wp\/v2\/pages\/472","targetHints":{"allow":["GET"]}}],"collection":[{"href":"https:\/\/cliniquemedicalesteadele.com\/en\/wp-json\/wp\/v2\/pages"}],"about":[{"href":"https:\/\/cliniquemedicalesteadele.com\/en\/wp-json\/wp\/v2\/types\/page"}],"author":[{"embeddable":true,"href":"https:\/\/cliniquemedicalesteadele.com\/en\/wp-json\/wp\/v2\/users\/1"}],"replies":[{"embeddable":true,"href":"https:\/\/cliniquemedicalesteadele.com\/en\/wp-json\/wp\/v2\/comments?post=472"}],"version-history":[{"count":11,"href":"https:\/\/cliniquemedicalesteadele.com\/en\/wp-json\/wp\/v2\/pages\/472\/revisions"}],"predecessor-version":[{"id":764,"href":"https:\/\/cliniquemedicalesteadele.com\/en\/wp-json\/wp\/v2\/pages\/472\/revisions\/764"}],"wp:attachment":[{"href":"https:\/\/cliniquemedicalesteadele.com\/en\/wp-json\/wp\/v2\/media?parent=472"}],"curies":[{"name":"wp","href":"https:\/\/api.w.org\/{rel}","templated":true}]}}