{"id":785,"date":"2023-10-02T11:31:31","date_gmt":"2023-10-02T11:31:31","guid":{"rendered":"https:\/\/cliniquemedicalesteadele.com\/?page_id=785"},"modified":"2023-10-02T11:31:31","modified_gmt":"2023-10-02T11:31:31","slug":"law-25-on-personal-information-privacy-policy","status":"publish","type":"page","link":"https:\/\/cliniquemedicalesteadele.com\/en\/law-25-on-personal-information-privacy-policy\/","title":{"rendered":"LAW 25 ON PERSONAL INFORMATION &#8211; Privacy Policy"},"content":{"rendered":"<div class=\"wpb-content-wrapper\">[vc_row css=&#8221;.vc_custom_1696246288725{padding-top: 8% !important;padding-bottom: 8% !important;}&#8221;][vc_column][vc_column_text css=&#8221;.vc_custom_1696246281164{margin-bottom: 0px !important;}&#8221;]\n<p data-pm-slice=\"1 1 []\">The clinic, like any private company, must appoint a person responsible for the protection of personal information. A person who will manage all information related to patients, but also to their employees.<\/p>\n<p>The person responsible for the protection of personal information must ensure the application and compliance with the law within the medical office. It is he who will have the task of managing confidentiality incidents, ensuring that all deadlines concerning the new measures provided for by law are respected and setting up an incident register.<\/p>\n<p>&nbsp;<\/p>\n<p>The appointed manager is:<br \/>\nGenevi\u00e8ve Gauthier, M\u00e9decin propri\u00e9taire<br \/>\n(450)229-6633 \/ <a href=\"mailto:info@cliniquemedicalesteadele.com\">info@cliniquemedicalesteadele.com<\/a>[\/vc_column_text][\/vc_column][\/vc_row]\n<\/div>","protected":false},"excerpt":{"rendered":"<p>[vc_row css=&#8221;.vc_custom_1696246288725{padding-top: 8% !important;padding-bottom: 8% !important;}&#8221;][vc_column][vc_column_text css=&#8221;.vc_custom_1696246281164{margin-bottom: 0px !important;}&#8221;] The clinic, like any private company, must appoint a person responsible for the protection of personal information. A person who will manage all information related to patients, but also to their employees. The person responsible for the protection of personal information must ensure the application and [&hellip;]<\/p>\n","protected":false},"author":4,"featured_media":0,"parent":0,"menu_order":0,"comment_status":"closed","ping_status":"closed","template":"","meta":{"footnotes":""},"class_list":["post-785","page","type-page","status-publish","hentry"],"yoast_head":"<!-- This site is optimized with the Yoast SEO plugin v26.5 - https:\/\/yoast.com\/wordpress\/plugins\/seo\/ -->\n<title>LAW 25 ON PERSONAL INFORMATION - Privacy Policy - Clinique m\u00e9dicale Saint-Ad\u00e8le<\/title>\n<meta name=\"robots\" content=\"index, follow, max-snippet:-1, max-image-preview:large, max-video-preview:-1\" \/>\n<link rel=\"canonical\" href=\"https:\/\/cliniquemedicalesteadele.com\/en\/law-25-on-personal-information-privacy-policy\/\" \/>\n<meta property=\"og:locale\" content=\"en_US\" \/>\n<meta property=\"og:type\" content=\"article\" \/>\n<meta property=\"og:title\" content=\"LAW 25 ON PERSONAL INFORMATION - Privacy Policy - Clinique m\u00e9dicale Saint-Ad\u00e8le\" \/>\n<meta property=\"og:description\" content=\"[vc_row css=&#8221;.vc_custom_1696246288725{padding-top: 8% !important;padding-bottom: 8% !important;}&#8221;][vc_column][vc_column_text css=&#8221;.vc_custom_1696246281164{margin-bottom: 0px !important;}&#8221;] The clinic, like any private company, must appoint a person responsible for the protection of personal information. A person who will manage all information related to patients, but also to their employees. The person responsible for the protection of personal information must ensure the application and [&hellip;]\" \/>\n<meta property=\"og:url\" content=\"https:\/\/cliniquemedicalesteadele.com\/en\/law-25-on-personal-information-privacy-policy\/\" \/>\n<meta property=\"og:site_name\" content=\"Clinique m\u00e9dicale Saint-Ad\u00e8le\" \/>\n<meta name=\"twitter:card\" content=\"summary_large_image\" \/>\n<meta name=\"twitter:label1\" content=\"Est. reading time\" \/>\n\t<meta name=\"twitter:data1\" content=\"1 minute\" \/>\n<script type=\"application\/ld+json\" class=\"yoast-schema-graph\">{\"@context\":\"https:\/\/schema.org\",\"@graph\":[{\"@type\":\"WebPage\",\"@id\":\"https:\/\/cliniquemedicalesteadele.com\/en\/law-25-on-personal-information-privacy-policy\/\",\"url\":\"https:\/\/cliniquemedicalesteadele.com\/en\/law-25-on-personal-information-privacy-policy\/\",\"name\":\"LAW 25 ON PERSONAL INFORMATION - Privacy Policy - Clinique m\u00e9dicale Saint-Ad\u00e8le\",\"isPartOf\":{\"@id\":\"https:\/\/cliniquemedicalesteadele.com\/#website\"},\"datePublished\":\"2023-10-02T11:31:31+00:00\",\"breadcrumb\":{\"@id\":\"https:\/\/cliniquemedicalesteadele.com\/en\/law-25-on-personal-information-privacy-policy\/#breadcrumb\"},\"inLanguage\":\"en-US\",\"potentialAction\":[{\"@type\":\"ReadAction\",\"target\":[\"https:\/\/cliniquemedicalesteadele.com\/en\/law-25-on-personal-information-privacy-policy\/\"]}]},{\"@type\":\"BreadcrumbList\",\"@id\":\"https:\/\/cliniquemedicalesteadele.com\/en\/law-25-on-personal-information-privacy-policy\/#breadcrumb\",\"itemListElement\":[{\"@type\":\"ListItem\",\"position\":1,\"name\":\"Accueil\",\"item\":\"https:\/\/cliniquemedicalesteadele.com\/en\/\"},{\"@type\":\"ListItem\",\"position\":2,\"name\":\"LAW 25 ON PERSONAL INFORMATION &#8211; Privacy Policy\"}]},{\"@type\":\"WebSite\",\"@id\":\"https:\/\/cliniquemedicalesteadele.com\/#website\",\"url\":\"https:\/\/cliniquemedicalesteadele.com\/\",\"name\":\"Clinique m\u00e9dicale Saint-Ad\u00e8le\",\"description\":\"Services m\u00e9dicaux professionnels complets\",\"potentialAction\":[{\"@type\":\"SearchAction\",\"target\":{\"@type\":\"EntryPoint\",\"urlTemplate\":\"https:\/\/cliniquemedicalesteadele.com\/?s={search_term_string}\"},\"query-input\":{\"@type\":\"PropertyValueSpecification\",\"valueRequired\":true,\"valueName\":\"search_term_string\"}}],\"inLanguage\":\"en-US\"}]}<\/script>\n<!-- \/ Yoast SEO plugin. -->","yoast_head_json":{"title":"LAW 25 ON PERSONAL INFORMATION - Privacy Policy - Clinique m\u00e9dicale Saint-Ad\u00e8le","robots":{"index":"index","follow":"follow","max-snippet":"max-snippet:-1","max-image-preview":"max-image-preview:large","max-video-preview":"max-video-preview:-1"},"canonical":"https:\/\/cliniquemedicalesteadele.com\/en\/law-25-on-personal-information-privacy-policy\/","og_locale":"en_US","og_type":"article","og_title":"LAW 25 ON PERSONAL INFORMATION - Privacy Policy - Clinique m\u00e9dicale Saint-Ad\u00e8le","og_description":"[vc_row css=&#8221;.vc_custom_1696246288725{padding-top: 8% !important;padding-bottom: 8% !important;}&#8221;][vc_column][vc_column_text css=&#8221;.vc_custom_1696246281164{margin-bottom: 0px !important;}&#8221;] The clinic, like any private company, must appoint a person responsible for the protection of personal information. A person who will manage all information related to patients, but also to their employees. The person responsible for the protection of personal information must ensure the application and [&hellip;]","og_url":"https:\/\/cliniquemedicalesteadele.com\/en\/law-25-on-personal-information-privacy-policy\/","og_site_name":"Clinique m\u00e9dicale Saint-Ad\u00e8le","twitter_card":"summary_large_image","twitter_misc":{"Est. reading time":"1 minute"},"schema":{"@context":"https:\/\/schema.org","@graph":[{"@type":"WebPage","@id":"https:\/\/cliniquemedicalesteadele.com\/en\/law-25-on-personal-information-privacy-policy\/","url":"https:\/\/cliniquemedicalesteadele.com\/en\/law-25-on-personal-information-privacy-policy\/","name":"LAW 25 ON PERSONAL INFORMATION - Privacy Policy - Clinique m\u00e9dicale Saint-Ad\u00e8le","isPartOf":{"@id":"https:\/\/cliniquemedicalesteadele.com\/#website"},"datePublished":"2023-10-02T11:31:31+00:00","breadcrumb":{"@id":"https:\/\/cliniquemedicalesteadele.com\/en\/law-25-on-personal-information-privacy-policy\/#breadcrumb"},"inLanguage":"en-US","potentialAction":[{"@type":"ReadAction","target":["https:\/\/cliniquemedicalesteadele.com\/en\/law-25-on-personal-information-privacy-policy\/"]}]},{"@type":"BreadcrumbList","@id":"https:\/\/cliniquemedicalesteadele.com\/en\/law-25-on-personal-information-privacy-policy\/#breadcrumb","itemListElement":[{"@type":"ListItem","position":1,"name":"Accueil","item":"https:\/\/cliniquemedicalesteadele.com\/en\/"},{"@type":"ListItem","position":2,"name":"LAW 25 ON PERSONAL INFORMATION &#8211; Privacy Policy"}]},{"@type":"WebSite","@id":"https:\/\/cliniquemedicalesteadele.com\/#website","url":"https:\/\/cliniquemedicalesteadele.com\/","name":"Clinique m\u00e9dicale Saint-Ad\u00e8le","description":"Services m\u00e9dicaux professionnels complets","potentialAction":[{"@type":"SearchAction","target":{"@type":"EntryPoint","urlTemplate":"https:\/\/cliniquemedicalesteadele.com\/?s={search_term_string}"},"query-input":{"@type":"PropertyValueSpecification","valueRequired":true,"valueName":"search_term_string"}}],"inLanguage":"en-US"}]}},"_links":{"self":[{"href":"https:\/\/cliniquemedicalesteadele.com\/en\/wp-json\/wp\/v2\/pages\/785","targetHints":{"allow":["GET"]}}],"collection":[{"href":"https:\/\/cliniquemedicalesteadele.com\/en\/wp-json\/wp\/v2\/pages"}],"about":[{"href":"https:\/\/cliniquemedicalesteadele.com\/en\/wp-json\/wp\/v2\/types\/page"}],"author":[{"embeddable":true,"href":"https:\/\/cliniquemedicalesteadele.com\/en\/wp-json\/wp\/v2\/users\/4"}],"replies":[{"embeddable":true,"href":"https:\/\/cliniquemedicalesteadele.com\/en\/wp-json\/wp\/v2\/comments?post=785"}],"version-history":[{"count":1,"href":"https:\/\/cliniquemedicalesteadele.com\/en\/wp-json\/wp\/v2\/pages\/785\/revisions"}],"predecessor-version":[{"id":786,"href":"https:\/\/cliniquemedicalesteadele.com\/en\/wp-json\/wp\/v2\/pages\/785\/revisions\/786"}],"wp:attachment":[{"href":"https:\/\/cliniquemedicalesteadele.com\/en\/wp-json\/wp\/v2\/media?parent=785"}],"curies":[{"name":"wp","href":"https:\/\/api.w.org\/{rel}","templated":true}]}}